{"id":9684,"date":"2023-04-05T14:11:12","date_gmt":"2023-04-05T14:11:12","guid":{"rendered":"https:\/\/alovado.com\/?page_id=9684"},"modified":"2024-07-11T03:11:45","modified_gmt":"2024-07-11T03:11:45","slug":"green-coffee-beans","status":"publish","type":"page","link":"https:\/\/alovado.com\/pl\/green-coffee-beans\/","title":{"rendered":"Zielone Ziarna Kawy"},"content":{"rendered":"<div class=\"wpb-content-wrapper\"><section class=\"vc_section vc_custom_1687250841698 ltx-split-sections-left text-align-center-ms\"><div class=\"vc_row wpb_row vc_row-fluid\"><div class=\"wpb_column vc_column_container vc_col-sm-12 bg-pos-center-center\"><div class=\"vc_column-inner\"><div class=\"wpb_wrapper\">\n\t<div class=\"wpb_text_column wpb_content_element\" >\n\t\t<div class=\"wpb_wrapper\">\n\t\t\t<p style=\"text-align: center; font-size: 21px;\"><span style=\"color: #ffffff;\"><span class=\"typed-me\" data-string0=\"Coffee is not just coffee ... it is a lifestyle \" data-type-speed=\"80\" data-start-delay=\"1500\" data-back-speed=\"80\" data-back-delay=\"1500\" data-loop-count=\"2\" data-loop=\"1\"><\/span><\/span><\/p>\n\n\t\t<\/div>\n\t<\/div>\n<\/div><\/div><\/div><\/div><\/section><section class=\"vc_section vc_custom_1687250624112 ltx-split-sections-left text-align-center-ms\"><div data-vc-full-width=\"true\" data-vc-full-width-temp=\"true\" data-vc-full-width-init=\"false\" class=\"vc_row wpb_row vc_row-fluid vc_custom_1680715265470 vc_row-has-fill vc_row-o-content-middle vc_row-flex bg-pos-right-center\"><div class=\"wpb_column vc_column_container vc_col-sm-5\"><div class=\"vc_column-inner\"><div class=\"wpb_wrapper\">\n\t<div  class=\"wpb_single_image wpb_content_element vc_align_center wpb_content_element wpb_animate_when_almost_visible wpb_fadeInDown fadeInDown  coffeepageimg\">\n\t\t\n\t\t<figure class=\"wpb_wrapper vc_figure\">\n\t\t\t<div class=\"vc_single_image-wrapper   vc_box_border_grey\"><img loading=\"lazy\" decoding=\"async\" width=\"668\" height=\"576\" src=\"https:\/\/alovado.com\/wp-content\/uploads\/2023\/06\/Alovado-green-coffee.jpg\" class=\"vc_single_image-img attachment-full\" alt=\"\" title=\"Alovado-green-coffee\" srcset=\"https:\/\/alovado.com\/wp-content\/uploads\/2023\/06\/Alovado-green-coffee.jpg 668w, https:\/\/alovado.com\/wp-content\/uploads\/2023\/06\/Alovado-green-coffee-300x259.jpg 300w, https:\/\/alovado.com\/wp-content\/uploads\/2023\/06\/Alovado-green-coffee-550x474.jpg 550w\" sizes=\"(max-width: 668px) 100vw, 668px\" \/><\/div>\n\t\t<\/figure>\n\t<\/div>\n<div class=\"es-resp\">\t<div class=\"visible-xl\" style=\"height: 20px;\"><\/div>\t<div class=\"hidden-xl hidden-md hidden-sm hidden-ms hidden-xs\" style=\"height: 20px;\"><\/div>\t<div class=\"visible-md\" style=\"height: 20px;\"><\/div>\t<div class=\"visible-sm\" style=\"height: 20px;\"><\/div>\t<div class=\"visible-ms\" style=\"height: 15px;\"><\/div>\t<div class=\"visible-xs\" style=\"height: 15px;\"><\/div><\/div><\/div><\/div><\/div><div class=\"wpb_column vc_column_container vc_col-sm-7\"><div class=\"vc_column-inner\"><div class=\"wpb_wrapper\"><div class=\"ltx-content-width col-align-left\" id=\"like_sc_content_width_704283978\" style=\"max-width: 480px\"><div class=\"ltx-wrapper\"><div class=\"heading  default align-left color-black subcolor-main transform-default icon-type-default coffeetitletext  vc_custom_1720667491497 heading-tag-h3\" id=\"like_sc_header_2063165283\"><h3 class=\"header ltx-sr-id-like_sc_header_20631652831587871272 ltx-sr ltx-sr-effect-fade_in ltx-sr-el-block ltx-sr-delay-0 ltx-sr-duration-1000 ltx-sr-sequences-0\">O co wi\u0119c chodzi z kenijskimi ziarnami kawy?<\/h3><\/div><div class=\"es-resp\">\t<div class=\"visible-xl\" style=\"height: 20px;\"><\/div>\t<div class=\"hidden-xl hidden-md hidden-sm hidden-ms hidden-xs\" style=\"height: 20px;\"><\/div>\t<div class=\"visible-md\" style=\"height: 20px;\"><\/div>\t<div class=\"visible-sm\" style=\"height: 20px;\"><\/div>\t<div class=\"visible-ms\" style=\"height: 20px;\"><\/div>\t<div class=\"visible-xs\" style=\"height: 20px;\"><\/div><\/div>\n\t<div class=\"wpb_text_column wpb_content_element\" >\n\t\t<div class=\"wpb_wrapper\">\n\t\t\t<div class=\"siteorigin-widget-tinymce textwidget\">\n<p>Kenijska kawa arabica jest znana na ca\u0142ym \u015bwiecie ze swojego intensywnego profilu smakowego i wspania\u0142ego, pobudzaj\u0105cego apetyt aromatu.<\/p>\n<p>Wysoko\u015bci od 1400 do 2000 metr\u00f3w nad poziomem morza kwalifikuj\u0105 kenijskie ziarna kawy do statusu Strictly High Grown (SHG) \/ Strictly Hard Bean (SHB).<\/p>\n<p>Ta wysoko\u015b\u0107 w po\u0142\u0105czeniu z dobrymi opadami deszczu i bogatymi glebami wulkanicznymi pozwala jagodom rozwija\u0107 si\u0119 powoli, zwi\u0119kszaj\u0105c tym samym kwasowo\u015b\u0107 i pe\u0142ny smak s\u0142odkich nut owocowych.<\/p>\n<p>Ziarna naszej kawy poddawane s\u0105 obr\u00f3bce na mokro, dzi\u0119ki czemu zyskuj\u0105 bogat\u0105 konsystencj\u0119 i intensywny smak w fili\u017cance.<\/p>\n<p>Tak, chodzi o ziarna kawy i w nie wierzymy!\n<\/p><\/div>\n\n\t\t<\/div>\n\t<\/div>\n<div class=\"es-resp\">\t<div class=\"visible-xl\" style=\"height: 30px;\"><\/div>\t<div class=\"hidden-xl hidden-md hidden-sm hidden-ms hidden-xs\" style=\"height: 30px;\"><\/div>\t<div class=\"visible-md\" style=\"height: 30px;\"><\/div>\t<div class=\"visible-sm\" style=\"height: 30px;\"><\/div>\t<div class=\"visible-ms\" style=\"height: 30px;\"><\/div>\t<div class=\"visible-xs\" style=\"height: 30px;\"><\/div><\/div><div class=\"btn-wrap\"><a href=\"#popmake-10244\" class=\"btn  btn-main color-hover-default\" id=\"like_sc_button_490560778\">Gotowy do zam\u00f3wienia?<\/a><\/div><div class=\"es-resp\">\t<div class=\"visible-xl\" style=\"height: 20px;\"><\/div>\t<div class=\"hidden-xl hidden-md hidden-sm hidden-ms hidden-xs\" style=\"height: 20px;\"><\/div>\t<div class=\"visible-md\" style=\"height: 20px;\"><\/div>\t<div class=\"visible-sm\" style=\"height: 20px;\"><\/div>\t<div class=\"visible-ms\" style=\"height: 20px;\"><\/div>\t<div class=\"visible-xs\" style=\"height: 20px;\"><\/div><\/div><\/div><\/div><\/div><\/div><\/div><\/div><div class=\"vc_row-full-width vc_clearfix\"><\/div><\/section>\n<\/div>","protected":false},"excerpt":{"rendered":"So, what is it all about the Kenyan coffee bean? Kenyan arabica coffee is world-renowned for its\u2019 intense flavor profile and a delightful crave triggering aroma. High altitude of 1,400 to 2,000 meters above sea level qualifies Kenyan coffee beans for Strictly High Grown (SHG) \/ Strictly Hard Bean (SHB) status. This elevation coupled with good rainfall and rich volcanic soils, allows the berries to develop slowly thus enhancing acidity and a full flavor of sweet fruity notes. Our coffee berries undergo wet processing which gives the beans rich body and a burst of flavor in the final cup. Yes, it is all about the coffee bean and in it we trust! Ready to order?","protected":false},"author":1,"featured_media":0,"parent":0,"menu_order":0,"comment_status":"closed","ping_status":"closed","template":"page-templates\/full-width.php","meta":{"footnotes":""},"yoast_head":"<!-- This site is optimized with the Yoast SEO plugin v22.3 - https:\/\/yoast.com\/wordpress\/plugins\/seo\/ -->\n<title>Green Coffee Beans - Alovado<\/title>\n<meta name=\"robots\" content=\"index, follow, max-snippet:-1, max-image-preview:large, max-video-preview:-1\" \/>\n<link rel=\"canonical\" href=\"https:\/\/alovado.com\/pl\/green-coffee-beans\/\" \/>\n<meta property=\"og:locale\" content=\"pl_PL\" \/>\n<meta property=\"og:type\" content=\"article\" \/>\n<meta property=\"og:title\" content=\"Green Coffee Beans - Alovado\" \/>\n<meta property=\"og:url\" content=\"https:\/\/alovado.com\/pl\/green-coffee-beans\/\" \/>\n<meta property=\"og:site_name\" content=\"Alovado\" \/>\n<meta property=\"article:modified_time\" content=\"2024-07-11T03:11:45+00:00\" \/>\n<meta name=\"twitter:card\" content=\"summary_large_image\" \/>\n<meta name=\"twitter:label1\" content=\"Szacowany czas czytania\" \/>\n\t<meta name=\"twitter:data1\" content=\"1 minuta\" \/>\n<script type=\"application\/ld+json\" class=\"yoast-schema-graph\">{\"@context\":\"https:\/\/schema.org\",\"@graph\":[{\"@type\":\"WebPage\",\"@id\":\"https:\/\/alovado.com\/pl\/green-coffee-beans\/\",\"url\":\"https:\/\/alovado.com\/pl\/green-coffee-beans\/\",\"name\":\"Green Coffee Beans - Alovado\",\"isPartOf\":{\"@id\":\"https:\/\/alovado.com\/#website\"},\"datePublished\":\"2023-04-05T14:11:12+00:00\",\"dateModified\":\"2024-07-11T03:11:45+00:00\",\"breadcrumb\":{\"@id\":\"https:\/\/alovado.com\/pl\/green-coffee-beans\/#breadcrumb\"},\"inLanguage\":\"pl-PL\",\"potentialAction\":[{\"@type\":\"ReadAction\",\"target\":[\"https:\/\/alovado.com\/pl\/green-coffee-beans\/\"]}]},{\"@type\":\"BreadcrumbList\",\"@id\":\"https:\/\/alovado.com\/pl\/green-coffee-beans\/#breadcrumb\",\"itemListElement\":[{\"@type\":\"ListItem\",\"position\":1,\"name\":\"Home\",\"item\":\"https:\/\/alovado.com\/\"},{\"@type\":\"ListItem\",\"position\":2,\"name\":\"Green Coffee Beans\"}]},{\"@type\":\"WebSite\",\"@id\":\"https:\/\/alovado.com\/#website\",\"url\":\"https:\/\/alovado.com\/\",\"name\":\"Alovado\",\"description\":\"Green Coffee, Avocados  and Avocado Oil\",\"potentialAction\":[{\"@type\":\"SearchAction\",\"target\":{\"@type\":\"EntryPoint\",\"urlTemplate\":\"https:\/\/alovado.com\/?s={search_term_string}\"},\"query-input\":\"required name=search_term_string\"}],\"inLanguage\":\"pl-PL\"}]}<\/script>\n<!-- \/ Yoast SEO plugin. -->","yoast_head_json":{"title":"Green Coffee Beans - Alovado","robots":{"index":"index","follow":"follow","max-snippet":"max-snippet:-1","max-image-preview":"max-image-preview:large","max-video-preview":"max-video-preview:-1"},"canonical":"https:\/\/alovado.com\/pl\/green-coffee-beans\/","og_locale":"pl_PL","og_type":"article","og_title":"Green Coffee Beans - Alovado","og_url":"https:\/\/alovado.com\/pl\/green-coffee-beans\/","og_site_name":"Alovado","article_modified_time":"2024-07-11T03:11:45+00:00","twitter_card":"summary_large_image","twitter_misc":{"Szacowany czas czytania":"1 minuta"},"schema":{"@context":"https:\/\/schema.org","@graph":[{"@type":"WebPage","@id":"https:\/\/alovado.com\/pl\/green-coffee-beans\/","url":"https:\/\/alovado.com\/pl\/green-coffee-beans\/","name":"Green Coffee Beans - Alovado","isPartOf":{"@id":"https:\/\/alovado.com\/#website"},"datePublished":"2023-04-05T14:11:12+00:00","dateModified":"2024-07-11T03:11:45+00:00","breadcrumb":{"@id":"https:\/\/alovado.com\/pl\/green-coffee-beans\/#breadcrumb"},"inLanguage":"pl-PL","potentialAction":[{"@type":"ReadAction","target":["https:\/\/alovado.com\/pl\/green-coffee-beans\/"]}]},{"@type":"BreadcrumbList","@id":"https:\/\/alovado.com\/pl\/green-coffee-beans\/#breadcrumb","itemListElement":[{"@type":"ListItem","position":1,"name":"Home","item":"https:\/\/alovado.com\/"},{"@type":"ListItem","position":2,"name":"Green Coffee Beans"}]},{"@type":"WebSite","@id":"https:\/\/alovado.com\/#website","url":"https:\/\/alovado.com\/","name":"Alovado","description":"Green Coffee, Avocados  and Avocado Oil","potentialAction":[{"@type":"SearchAction","target":{"@type":"EntryPoint","urlTemplate":"https:\/\/alovado.com\/?s={search_term_string}"},"query-input":"required name=search_term_string"}],"inLanguage":"pl-PL"}]}},"_links":{"self":[{"href":"https:\/\/alovado.com\/pl\/wp-json\/wp\/v2\/pages\/9684"}],"collection":[{"href":"https:\/\/alovado.com\/pl\/wp-json\/wp\/v2\/pages"}],"about":[{"href":"https:\/\/alovado.com\/pl\/wp-json\/wp\/v2\/types\/page"}],"author":[{"embeddable":true,"href":"https:\/\/alovado.com\/pl\/wp-json\/wp\/v2\/users\/1"}],"replies":[{"embeddable":true,"href":"https:\/\/alovado.com\/pl\/wp-json\/wp\/v2\/comments?post=9684"}],"version-history":[{"count":25,"href":"https:\/\/alovado.com\/pl\/wp-json\/wp\/v2\/pages\/9684\/revisions"}],"predecessor-version":[{"id":10939,"href":"https:\/\/alovado.com\/pl\/wp-json\/wp\/v2\/pages\/9684\/revisions\/10939"}],"wp:attachment":[{"href":"https:\/\/alovado.com\/pl\/wp-json\/wp\/v2\/media?parent=9684"}],"curies":[{"name":"wp","href":"https:\/\/api.w.org\/{rel}","templated":true}]}}