{"id":8867,"date":"2019-04-19T16:06:21","date_gmt":"2019-04-19T16:06:21","guid":{"rendered":"https:\/\/alovado.com\/?page_id=8867"},"modified":"2024-07-18T07:35:24","modified_gmt":"2024-07-18T07:35:24","slug":"avocado-fruit-and-oil","status":"publish","type":"page","link":"https:\/\/alovado.com\/pl\/avocado-fruit-and-oil\/","title":{"rendered":"Owoce Awokado &amp; Olej"},"content":{"rendered":"<div class=\"wpb-content-wrapper\"><section class=\"vc_section vc_custom_1687250841698 ltx-split-sections-left text-align-center-ms\"><div class=\"vc_row wpb_row vc_row-fluid\"><div class=\"wpb_column vc_column_container vc_col-sm-12\"><div class=\"vc_column-inner\"><div class=\"wpb_wrapper\">\n\t<div class=\"wpb_text_column wpb_content_element\" >\n\t\t<div class=\"wpb_wrapper\">\n\t\t\t<p class=\"breadcrumbtext\" style=\"text-align: center;\"><span style=\"color: #ffffff;\"><span class=\"typed-me\" data-string0=\"Savor the Essence, Embrace the Vitality \" data-type-speed=\"100\" data-start-delay=\"1500\" data-back-speed=\"80\" data-back-delay=\"1500\" data-loop-count=\"2\" data-loop=\"1\"><\/span><\/span><\/p>\n\n\t\t<\/div>\n\t<\/div>\n<\/div><\/div><\/div><\/div><\/section><section class=\"vc_section vc_custom_1721288111799 ltx-split-sections-left text-align-center-ms\"><div data-vc-full-width=\"true\" data-vc-full-width-temp=\"true\" data-vc-full-width-init=\"false\" class=\"vc_row wpb_row vc_row-fluid avoparallax vc_custom_1687251727611 vc_row-has-fill vc_row-o-content-middle vc_row-flex bg-pos-right-center\"><div class=\"wpb_column vc_column_container vc_col-sm-5\"><div class=\"vc_column-inner\"><div class=\"wpb_wrapper\">\n\t<div  class=\"wpb_single_image wpb_content_element vc_align_center wpb_content_element wpb_animate_when_almost_visible wpb_fadeInDown fadeInDown  avocadopageimg\">\n\t\t\n\t\t<figure class=\"wpb_wrapper vc_figure\">\n\t\t\t<div class=\"vc_single_image-wrapper   vc_box_border_grey\"><img loading=\"lazy\" decoding=\"async\" width=\"734\" height=\"740\" src=\"https:\/\/alovado.com\/wp-content\/uploads\/2019\/04\/Alocado-fruit-and-oil.png\" class=\"vc_single_image-img attachment-full\" alt=\"\" title=\"Alocado-fruit-and-oil\" srcset=\"https:\/\/alovado.com\/wp-content\/uploads\/2019\/04\/Alocado-fruit-and-oil.png 734w, https:\/\/alovado.com\/wp-content\/uploads\/2019\/04\/Alocado-fruit-and-oil-298x300.png 298w, https:\/\/alovado.com\/wp-content\/uploads\/2019\/04\/Alocado-fruit-and-oil-150x150.png 150w, https:\/\/alovado.com\/wp-content\/uploads\/2019\/04\/Alocado-fruit-and-oil-360x363.png 360w, https:\/\/alovado.com\/wp-content\/uploads\/2019\/04\/Alocado-fruit-and-oil-600x605.png 600w, https:\/\/alovado.com\/wp-content\/uploads\/2019\/04\/Alocado-fruit-and-oil-100x100.png 100w, https:\/\/alovado.com\/wp-content\/uploads\/2019\/04\/Alocado-fruit-and-oil-24x24.png 24w, https:\/\/alovado.com\/wp-content\/uploads\/2019\/04\/Alocado-fruit-and-oil-48x48.png 48w, https:\/\/alovado.com\/wp-content\/uploads\/2019\/04\/Alocado-fruit-and-oil-96x96.png 96w, https:\/\/alovado.com\/wp-content\/uploads\/2019\/04\/Alocado-fruit-and-oil-50x50.png 50w, https:\/\/alovado.com\/wp-content\/uploads\/2019\/04\/Alocado-fruit-and-oil-110x110.png 110w, https:\/\/alovado.com\/wp-content\/uploads\/2019\/04\/Alocado-fruit-and-oil-546x550.png 546w\" sizes=\"(max-width: 734px) 100vw, 734px\" \/><\/div>\n\t\t<\/figure>\n\t<\/div>\n<div class=\"es-resp\">\t<div class=\"visible-xl\" style=\"height: 20px;\"><\/div>\t<div class=\"hidden-xl hidden-md hidden-sm hidden-ms hidden-xs\" style=\"height: 20px;\"><\/div>\t<div class=\"visible-md\" style=\"height: 20px;\"><\/div>\t<div class=\"visible-sm\" style=\"height: 20px;\"><\/div>\t<div class=\"visible-ms\" style=\"height: 15px;\"><\/div>\t<div class=\"visible-xs\" style=\"height: 15px;\"><\/div><\/div><\/div><\/div><\/div><div class=\"wpb_column vc_column_container vc_col-sm-7\"><div class=\"vc_column-inner\"><div class=\"wpb_wrapper\"><div class=\"ltx-content-width col-align-left\" id=\"like_sc_content_width_1189586677\" style=\"max-width: 480px\"><div class=\"ltx-wrapper\"><div class=\"heading  default align-left color-black subcolor-main transform-default icon-type-default   vc_custom_1720667172170 heading-tag-h3\" id=\"like_sc_header_1997825645\"><h3 class=\"header ltx-sr-id-like_sc_header_1997825645270260746 ltx-sr ltx-sr-effect-fade_in ltx-sr-el-block ltx-sr-delay-0 ltx-sr-duration-1000 ltx-sr-sequences-0\">Mamy dla Ciebie \u015bwietne awokado!<\/h3><\/div><div class=\"es-resp\">\t<div class=\"visible-xl\" style=\"height: 20px;\"><\/div>\t<div class=\"hidden-xl hidden-md hidden-sm hidden-ms hidden-xs\" style=\"height: 20px;\"><\/div>\t<div class=\"visible-md\" style=\"height: 20px;\"><\/div>\t<div class=\"visible-sm\" style=\"height: 20px;\"><\/div>\t<div class=\"visible-ms\" style=\"height: 20px;\"><\/div>\t<div class=\"visible-xs\" style=\"height: 20px;\"><\/div><\/div>\n\t<div class=\"wpb_text_column wpb_content_element\" >\n\t\t<div class=\"wpb_wrapper\">\n\t\t\t<div class=\"siteorigin-widget-tinymce textwidget\">\n<p>Kenia zajmuje pierwsze miejsce w Afryce pod wzgl\u0119dem produkcji awokado i sz\u00f3ste miejsce na \u015bwiecie. Najcz\u0119\u015bciej uprawianymi odmianami awokado s\u0105 Fuerte i Hass.<\/p>\n<p>Nasz unikalny klimat, bogata czerwonawa gleba o wysokiej zawarto\u015bci minera\u0142\u00f3w, wysoko po\u0142o\u017cone obszary upraw s\u0105 kluczowymi czynnikami przyczyniaj\u0105cymi si\u0119 do niezr\u00f3wnanej jako\u015bci ekologicznych i konwencjonalnych owoc\u00f3w awokado.<\/p>\n<p>Po okresie dojrzewania, nasze owoce poddawane s\u0105 delikatnemu procesowi t\u0142oczenia na zimno, w wyniku kt\u00f3rego powstaje najwy\u017cszej jako\u015bci olej z awokado pe\u0142en warto\u015bci od\u017cywczych, aromat\u00f3w i kultowego zielonego koloru kt\u00f3ry spe\u0142nia mi\u0119dzynarodowe standardy.<\/p>\n<p>Kenijski rafinowany i nierafinowany olej z awokado zyska\u0142 globalne uznanie i reputacj\u0119 w\u015br\u00f3d graczy z bran\u017cy spo\u017cywczej, nutraceutycznej i kosmetycznej.<\/p>\n<\/div>\n\n\t\t<\/div>\n\t<\/div>\n<div class=\"es-resp\">\t<div class=\"visible-xl\" style=\"height: 40px;\"><\/div>\t<div class=\"hidden-xl hidden-md hidden-sm hidden-ms hidden-xs\" style=\"height: 40px;\"><\/div>\t<div class=\"visible-md\" style=\"height: 40px;\"><\/div>\t<div class=\"visible-sm\" style=\"height: 40px;\"><\/div>\t<div class=\"visible-ms\" style=\"height: 40px;\"><\/div>\t<div class=\"visible-xs\" style=\"height: 40px;\"><\/div><\/div><div class=\"btn-wrap\"><a href=\"#popmake-10544\" class=\"btn  btn-main color-hover-default\" id=\"like_sc_button_1229376874\">Zosta\u0144 Avo-partnerem<\/a><\/div><\/div><\/div><\/div><\/div><\/div><\/div><div class=\"vc_row-full-width vc_clearfix\"><\/div><\/section>\n<\/div>","protected":false},"excerpt":{"rendered":"We \u2018hass\u2019 some great Avocados for you. Kenya is ranked 1st in Africa in avocado production and sixth globally. The most widely grown avocado variants are Fuerte and Hass. Our unique climate, rich deep reddish soil with high mineral content, high altitude growing areas are key contributors to the unrivaled quality of organic and conventional avocado fruits. Upon ripening and through a strategic partnership with a pioneering avocado oil processing\u00a0company in Kenya,\u00a0our fruits undergo a delicate cold pressed extraction process which produces superior quality avocado oil full of nutritional benefits, flavors and iconic green color\u00a0that meets\u00a0international standards. Kenyan refined and unrefined avocado oil has earned global recognition and reputation among the food, nutraceuticals and cosmetic industry players. Let&#039;s Avo-Partner","protected":false},"author":1,"featured_media":0,"parent":0,"menu_order":0,"comment_status":"closed","ping_status":"closed","template":"page-templates\/full-width.php","meta":{"footnotes":""},"yoast_head":"<!-- This site is optimized with the Yoast SEO plugin v22.3 - https:\/\/yoast.com\/wordpress\/plugins\/seo\/ -->\n<title>Avocado Fruit &amp; Oil - Alovado<\/title>\n<meta name=\"robots\" content=\"index, follow, max-snippet:-1, max-image-preview:large, max-video-preview:-1\" \/>\n<link rel=\"canonical\" href=\"https:\/\/alovado.com\/pl\/avocado-fruit-and-oil\/\" \/>\n<meta property=\"og:locale\" content=\"pl_PL\" \/>\n<meta property=\"og:type\" content=\"article\" \/>\n<meta property=\"og:title\" content=\"Avocado Fruit &amp; Oil - Alovado\" \/>\n<meta property=\"og:url\" content=\"https:\/\/alovado.com\/pl\/avocado-fruit-and-oil\/\" \/>\n<meta property=\"og:site_name\" content=\"Alovado\" \/>\n<meta property=\"article:modified_time\" content=\"2024-07-18T07:35:24+00:00\" \/>\n<meta name=\"twitter:card\" content=\"summary_large_image\" \/>\n<meta name=\"twitter:label1\" content=\"Szacowany czas czytania\" \/>\n\t<meta name=\"twitter:data1\" content=\"2 minuty\" \/>\n<script type=\"application\/ld+json\" class=\"yoast-schema-graph\">{\"@context\":\"https:\/\/schema.org\",\"@graph\":[{\"@type\":\"WebPage\",\"@id\":\"https:\/\/alovado.com\/avocado-fruit-and-oil\/\",\"url\":\"https:\/\/alovado.com\/avocado-fruit-and-oil\/\",\"name\":\"Avocado Fruit & Oil - Alovado\",\"isPartOf\":{\"@id\":\"https:\/\/alovado.com\/#website\"},\"datePublished\":\"2019-04-19T16:06:21+00:00\",\"dateModified\":\"2024-07-18T07:35:24+00:00\",\"breadcrumb\":{\"@id\":\"https:\/\/alovado.com\/avocado-fruit-and-oil\/#breadcrumb\"},\"inLanguage\":\"pl-PL\",\"potentialAction\":[{\"@type\":\"ReadAction\",\"target\":[\"https:\/\/alovado.com\/avocado-fruit-and-oil\/\"]}]},{\"@type\":\"BreadcrumbList\",\"@id\":\"https:\/\/alovado.com\/avocado-fruit-and-oil\/#breadcrumb\",\"itemListElement\":[{\"@type\":\"ListItem\",\"position\":1,\"name\":\"Home\",\"item\":\"https:\/\/alovado.com\/\"},{\"@type\":\"ListItem\",\"position\":2,\"name\":\"Avocado Fruit &#038; Oil\"}]},{\"@type\":\"WebSite\",\"@id\":\"https:\/\/alovado.com\/#website\",\"url\":\"https:\/\/alovado.com\/\",\"name\":\"Alovado\",\"description\":\"Green Coffee, Avocados  and Avocado Oil\",\"potentialAction\":[{\"@type\":\"SearchAction\",\"target\":{\"@type\":\"EntryPoint\",\"urlTemplate\":\"https:\/\/alovado.com\/?s={search_term_string}\"},\"query-input\":\"required name=search_term_string\"}],\"inLanguage\":\"pl-PL\"}]}<\/script>\n<!-- \/ Yoast SEO plugin. -->","yoast_head_json":{"title":"Avocado Fruit & Oil - Alovado","robots":{"index":"index","follow":"follow","max-snippet":"max-snippet:-1","max-image-preview":"max-image-preview:large","max-video-preview":"max-video-preview:-1"},"canonical":"https:\/\/alovado.com\/pl\/avocado-fruit-and-oil\/","og_locale":"pl_PL","og_type":"article","og_title":"Avocado Fruit & Oil - Alovado","og_url":"https:\/\/alovado.com\/pl\/avocado-fruit-and-oil\/","og_site_name":"Alovado","article_modified_time":"2024-07-18T07:35:24+00:00","twitter_card":"summary_large_image","twitter_misc":{"Szacowany czas czytania":"2 minuty"},"schema":{"@context":"https:\/\/schema.org","@graph":[{"@type":"WebPage","@id":"https:\/\/alovado.com\/avocado-fruit-and-oil\/","url":"https:\/\/alovado.com\/avocado-fruit-and-oil\/","name":"Avocado Fruit & Oil - Alovado","isPartOf":{"@id":"https:\/\/alovado.com\/#website"},"datePublished":"2019-04-19T16:06:21+00:00","dateModified":"2024-07-18T07:35:24+00:00","breadcrumb":{"@id":"https:\/\/alovado.com\/avocado-fruit-and-oil\/#breadcrumb"},"inLanguage":"pl-PL","potentialAction":[{"@type":"ReadAction","target":["https:\/\/alovado.com\/avocado-fruit-and-oil\/"]}]},{"@type":"BreadcrumbList","@id":"https:\/\/alovado.com\/avocado-fruit-and-oil\/#breadcrumb","itemListElement":[{"@type":"ListItem","position":1,"name":"Home","item":"https:\/\/alovado.com\/"},{"@type":"ListItem","position":2,"name":"Avocado Fruit &#038; Oil"}]},{"@type":"WebSite","@id":"https:\/\/alovado.com\/#website","url":"https:\/\/alovado.com\/","name":"Alovado","description":"Green Coffee, Avocados  and Avocado Oil","potentialAction":[{"@type":"SearchAction","target":{"@type":"EntryPoint","urlTemplate":"https:\/\/alovado.com\/?s={search_term_string}"},"query-input":"required name=search_term_string"}],"inLanguage":"pl-PL"}]}},"_links":{"self":[{"href":"https:\/\/alovado.com\/pl\/wp-json\/wp\/v2\/pages\/8867"}],"collection":[{"href":"https:\/\/alovado.com\/pl\/wp-json\/wp\/v2\/pages"}],"about":[{"href":"https:\/\/alovado.com\/pl\/wp-json\/wp\/v2\/types\/page"}],"author":[{"embeddable":true,"href":"https:\/\/alovado.com\/pl\/wp-json\/wp\/v2\/users\/1"}],"replies":[{"embeddable":true,"href":"https:\/\/alovado.com\/pl\/wp-json\/wp\/v2\/comments?post=8867"}],"version-history":[{"count":24,"href":"https:\/\/alovado.com\/pl\/wp-json\/wp\/v2\/pages\/8867\/revisions"}],"predecessor-version":[{"id":11002,"href":"https:\/\/alovado.com\/pl\/wp-json\/wp\/v2\/pages\/8867\/revisions\/11002"}],"wp:attachment":[{"href":"https:\/\/alovado.com\/pl\/wp-json\/wp\/v2\/media?parent=8867"}],"curies":[{"name":"wp","href":"https:\/\/api.w.org\/{rel}","templated":true}]}}