{"id":8842,"date":"2019-04-18T20:24:31","date_gmt":"2019-04-18T20:24:31","guid":{"rendered":"https:\/\/alovado.com\/?page_id=8842"},"modified":"2024-12-11T07:45:53","modified_gmt":"2024-12-11T07:45:53","slug":"our-story","status":"publish","type":"page","link":"https:\/\/alovado.com\/pl\/our-story\/","title":{"rendered":"O Nas"},"content":{"rendered":"<div class=\"wpb-content-wrapper\"><section data-vc-full-width=\"true\" data-vc-full-width-temp=\"true\" data-vc-full-width-init=\"false\" class=\"vc_section bg-repeat-x text-align-center-ms\"><div class=\"vc_row wpb_row vc_row-fluid vc_custom_1555705384650\"><div class=\"wpb_column vc_column_container vc_col-sm-12\"><div class=\"vc_column-inner\"><div class=\"wpb_wrapper\"><div class=\"es-resp\">\t<div class=\"visible-xl\" style=\"height: 250px;\"><\/div>\t<div class=\"hidden-xl hidden-md hidden-sm hidden-ms hidden-xs\" style=\"height: 250px;\"><\/div>\t<div class=\"visible-md\" style=\"height: 48px;\"><\/div>\t<div class=\"visible-sm\" style=\"height: 48px;\"><\/div>\t<div class=\"visible-ms\" style=\"height: 150px;\"><\/div>\t<div class=\"visible-xs\" style=\"height: 150px;\"><\/div><\/div><div class=\"heading  header-styled-sheader align-center color-white subcolor-main transform-default icon-type-default abouth  vc_custom_1718107658534 heading-tag-h3\" id=\"like_sc_header_938946675\"><h3 class=\"header ltx-sr-id-like_sc_header_938946675186100948 ltx-sr ltx-sr-effect-fade_in ltx-sr-el-block ltx-sr-delay-0 ltx-sr-duration-1000 ltx-sr-sequences-0\">Gdy nasi klienci s\u0105 szcz\u0119\u015bliwi, my rolnicy r\u00f3wnie\u017c!<\/h3><\/div><\/div><\/div><\/div><\/div><div class=\"vc_row wpb_row vc_row-fluid vc_custom_1720633504164 vc_row-o-equal-height vc_row-flex\"><div class=\"wpb_column vc_column_container vc_col-sm-6\"><div class=\"vc_column-inner\"><div class=\"wpb_wrapper\"><div class=\"ltx-content-width aboutpara col-align-center\" id=\"like_sc_content_width_1218666208\" style=\"max-width: 500px\"><div class=\"ltx-wrapper\"><div class=\"es-resp\">\t<div class=\"visible-xl\" style=\"height: 20px;\"><\/div>\t<div class=\"hidden-xl hidden-md hidden-sm hidden-ms hidden-xs\" style=\"height: 20px;\"><\/div>\t<div class=\"visible-md\" style=\"height: 12px;\"><\/div>\t<div class=\"visible-sm\" style=\"height: 20px;\"><\/div>\t<div class=\"visible-ms\" style=\"height: 15px;\"><\/div>\t<div class=\"visible-xs\" style=\"height: 15px;\"><\/div><\/div>\n\t<div class=\"wpb_text_column wpb_content_element aboutp\" >\n\t\t<div class=\"wpb_wrapper\">\n\t\t\t<p>Po\u0142o\u017cony na bujnych herbacianych wy\u017cynach Kenii - uwa\u017canych za bram\u0119 do Afryki Wschodniej, jest <strong>Alovado<\/strong>, rodzinna farma trzeciego pokolenia specjalizuj\u0105ca si\u0119 w masowym dostarczaniu specjalnych ziaren zielonej kawy, owoc\u00f3w i oleju z awokado oraz czarnej herbaty<\/p>\n\n\t\t<\/div>\n\t<\/div>\n<div class=\"es-resp\">\t<div class=\"visible-xl\" style=\"height: 5px;\"><\/div>\t<div class=\"hidden-xl hidden-md hidden-sm hidden-ms hidden-xs\" style=\"height: 5px;\"><\/div>\t<div class=\"visible-md\" style=\"height: 3px;\"><\/div>\t<div class=\"visible-sm\" style=\"height: 15px;\"><\/div>\t<div class=\"visible-ms\" style=\"height: 15px;\"><\/div>\t<div class=\"visible-xs\" style=\"height: 20px;\"><\/div><\/div><div class=\"heading  header-styled-sheader align-left color-white subcolor-main transform-default has-subheader icon-type-default abouth  vc_custom_1718106555948 heading-tag-h3\" id=\"like_sc_header_778990140\"><h5 class=\"subheader ltx-sr-id-like_sc_header_7789901401502271330 ltx-sr ltx-sr-effect-fade_in ltx-sr-el-block ltx-sr-delay-100 ltx-sr-duration-300 ltx-sr-sequences-50\">Nasza Historia<\/h5><\/div>\n\t<div class=\"wpb_text_column wpb_content_element aboutp\" >\n\t\t<div class=\"wpb_wrapper\">\n\t\t\t<p>Po dziesi\u0119cioleciach dzia\u0142alno\u015bci w bran\u017cy herbaty, w po\u0142\u0105czeniu z rosn\u0105cym zainteresowaniem ze strony klient\u00f3w, zdali\u015bmy sobie spraw\u0119, \u017ce niemal niemo\u017cliwe jest oddzielenie dw\u00f3ch najpopularniejszych napoj\u00f3w na \u015bwiecie - herbaty i kawy.<\/p>\n<p>By\u0142 to pocz\u0105tek naszej podr\u00f3\u017cy w kierunku dywersyfikacji produkt\u00f3w.<\/p>\n\n\t\t<\/div>\n\t<\/div>\n<div class=\"es-resp\">\t<div class=\"visible-xl\" style=\"height: 5px;\"><\/div>\t<div class=\"hidden-xl hidden-md hidden-sm hidden-ms hidden-xs\" style=\"height: 5px;\"><\/div>\t<div class=\"visible-md\" style=\"height: 3px;\"><\/div>\t<div class=\"visible-sm\" style=\"height: 15px;\"><\/div>\t<div class=\"visible-ms\" style=\"height: 15px;\"><\/div>\t<div class=\"visible-xs\" style=\"height: 20px;\"><\/div><\/div><div class=\"heading  header-styled-sheader align-left color-white subcolor-main transform-default has-subheader icon-type-default abouth  vc_custom_1718106835606 heading-tag-h3\" id=\"like_sc_header_849214613\"><h5 class=\"subheader ltx-sr-id-like_sc_header_8492146131724156487 ltx-sr ltx-sr-effect-fade_in ltx-sr-el-block ltx-sr-delay-100 ltx-sr-duration-300 ltx-sr-sequences-50\">Nasze S\u0142owo<\/h5><\/div>\n\t<div class=\"wpb_text_column wpb_content_element aboutp\" >\n\t\t<div class=\"wpb_wrapper\">\n\t\t\t<p>Z my\u015bl\u0105 o Tobie Alovado skupia si\u0119 na uproszczeniu d\u0142ugiego, kosztownego i pozornie skomplikowanego proces zakupu tych produkt\u00f3w bezpo\u015brednio z Kenii.<\/p>\n<p>Wasza wiara i zaufanie daje nam dum\u0119 z uprawy, produkcji i handlu najlepszymi gatunkami naszych upraw oraz upraw wybranych naszych partnerskich gospodarstw.<\/p>\n\n\t\t<\/div>\n\t<\/div>\n<div class=\"es-resp\">\t<div class=\"visible-xl\" style=\"height: 5px;\"><\/div>\t<div class=\"hidden-xl hidden-md hidden-sm hidden-ms hidden-xs\" style=\"height: 5px;\"><\/div>\t<div class=\"visible-md\" style=\"height: 3px;\"><\/div>\t<div class=\"visible-sm\" style=\"height: 15px;\"><\/div>\t<div class=\"visible-ms\" style=\"height: 15px;\"><\/div>\t<div class=\"visible-xs\" style=\"height: 20px;\"><\/div><\/div><div class=\"heading  header-styled-sheader align-left color-white subcolor-main transform-default has-subheader icon-type-default abouth  vc_custom_1718104398402 heading-tag-h5\" id=\"like_sc_header_387182991\"><h5 class=\"subheader ltx-sr-id-like_sc_header_3871829911637978469 ltx-sr ltx-sr-effect-fade_in ltx-sr-el-block ltx-sr-delay-100 ltx-sr-duration-300 ltx-sr-sequences-50\">Nasz Etos<\/h5><\/div>\n\t<div class=\"wpb_text_column wpb_content_element aboutp\" >\n\t\t<div class=\"wpb_wrapper\">\n\t\t\t<p>Zgodnie z naszymi warto\u015bciami nieustannie pracujemy nad zmian\u0105 dobrobytu\nspo\u0142eczno\u015bci \u017cyj\u0105cych w\u015br\u00f3d nas - g\u0142\u00f3wnie kobiet, jednocze\u015bnie dbaj\u0105c o\nekosystem.<\/p>\n<p>Tak wi\u0119c, niezale\u017cnie od tego, jakie s\u0105 Twoje specyficzne wymagania, Alovado zobowi\u0105zuje si\u0119 pom\u00f3c spe\u0142ni\u0107 twoje oczekiwania.<\/p>\n\n\t\t<\/div>\n\t<\/div>\n<\/div><\/div><\/div><\/div><\/div><div class=\"wpb_column vc_column_container vc_col-sm-6\"><div class=\"vc_column-inner\"><div class=\"wpb_wrapper\"><div class=\"es-resp\">\t<div class=\"visible-xl\" style=\"height: 80px;\"><\/div>\t<div class=\"hidden-xl hidden-md hidden-sm hidden-ms hidden-xs\" style=\"height: 80px;\"><\/div>\t<div class=\"visible-md\" style=\"height: 48px;\"><\/div>\t<div class=\"visible-sm\" style=\"height: 48px;\"><\/div>\t<div class=\"visible-ms\" style=\"height: 20px;\"><\/div>\t<div class=\"visible-xs\" style=\"height: 20px;\"><\/div><\/div>\n\t<div  class=\"wpb_single_image wpb_content_element vc_align_left wpb_content_element vc_custom_1720633018995  aboutusimg\">\n\t\t\n\t\t<figure class=\"wpb_wrapper vc_figure\">\n\t\t\t<div class=\"vc_single_image-wrapper   vc_box_border_grey\"><img loading=\"lazy\" decoding=\"async\" width=\"500\" height=\"675\" src=\"https:\/\/alovado.com\/wp-content\/uploads\/2023\/06\/About-us-page-.jpg\" class=\"vc_single_image-img attachment-full\" alt=\"\" title=\"About-us-page-\" srcset=\"https:\/\/alovado.com\/wp-content\/uploads\/2023\/06\/About-us-page-.jpg 500w, https:\/\/alovado.com\/wp-content\/uploads\/2023\/06\/About-us-page--222x300.jpg 222w, https:\/\/alovado.com\/wp-content\/uploads\/2023\/06\/About-us-page--407x550.jpg 407w\" sizes=\"(max-width: 500px) 100vw, 500px\" \/><\/div>\n\t\t<\/figure>\n\t<\/div>\n<div class=\"es-resp\">\t<div class=\"visible-xl\" style=\"height: 20px;\"><\/div>\t<div class=\"hidden-xl hidden-md hidden-sm hidden-ms hidden-xs\" style=\"height: 20px;\"><\/div>\t<div class=\"visible-md\" style=\"height: 20px;\"><\/div>\t<div class=\"visible-sm\" style=\"height: 20px;\"><\/div>\t<div class=\"visible-ms\" style=\"height: 20px;\"><\/div>\t<div class=\"visible-xs\" style=\"height: 20px;\"><\/div><\/div><\/div><\/div><\/div><\/div><\/section><div class=\"vc_row-full-width vc_clearfix\"><\/div><section data-vc-full-width=\"true\" data-vc-full-width-temp=\"true\" data-vc-full-width-init=\"false\" data-vc-parallax=\"1.5\" data-vc-parallax-o-fade=\"on\" class=\"vc_section testimonialsection vc_section-has-fill vc_section-o-content-middle vc_section-flex vc_general vc_parallax vc_parallax-content-moving-fade js-vc_parallax-o-fade bg-color-second\"><div class=\"vc_row wpb_row vc_row-fluid vc_custom_1718868346890 vc_row-o-equal-height vc_row-flex\"><div class=\"wpb_column vc_column_container vc_col-sm-12\"><div class=\"vc_column-inner\"><div class=\"wpb_wrapper\"><div class=\"heading  theme-icon align-center color-white subcolor-main transform-default ltx-theme-header icon-type-default testimonialtitle  vc_custom_1719472888630 heading-tag-h2\" id=\"like_sc_header_2126437077\"><span class=\"ltx-theme-icon\"><\/span><span class=\"last ltx-theme-icon\"><\/span><h2 class=\"header ltx-sr-id-like_sc_header_21264370771558739490 ltx-sr ltx-sr-effect-fade_in ltx-sr-el-block ltx-sr-delay-0 ltx-sr-duration-1000 ltx-sr-sequences-0\">Co m\u00f3wi\u0105 nasi klienci<\/h2><\/div><div class=\"swiper-container testimonials-list testimonials-slider testimonials-slider-cols-1 layout- font-weight-bold greentestimonial  row\" data-cols=\"1\" data-autoplay=\"5200\"  id=\"like_sc_testimonials_953925621\">\r\n\t\t\t\t<div class=\"swiper-wrapper\"><div class=\"swiper-slide\"><div class=\"inner matchHeight\"><div class=\"text\"><p><h4><span class=\"color-white\"><strong>Uczciwy i nie obiecuj zbyt wiele, jak zrobiliby to inni <\/strong><\/span><\/h4>\r\nTo, co zrobi\u0142o na mnie najwi\u0119ksze wra\u017cenie w Alovado, to poziom uczciwo\u015bci i realizmu.\nDostarczaj\u0105 to, co obiecuj\u0105.<\/p>\r\n\t\t\t\t<\/div><div class=\"author\"><div class=\"header\">Alicja \u2013 Handlarz Kaw\u0105, Warszawa<\/div><\/div>\t\t\t\t\t\r\n\t\t\t<\/div><\/div><div class=\"swiper-slide\"><div class=\"inner matchHeight\"><div class=\"text\"><p><h4><span class=\"color-white\"><strong>Praca z nami to zawsze przyjemno\u015b\u0107!<\/strong><\/span><\/h4>\r\nKr\u00f3tka notatka, aby bardzo podzi\u0119kowa\u0107 zespo\u0142owi Alovado.<\/p>\r\n\t\t\t\t<\/div><div class=\"author\"><div class=\"header\">Piotr \u2013 W\u0142a\u015bciciel Firmy, Warszawa<\/div><\/div>\t\t\t\t\t\r\n\t\t\t<\/div><\/div><div class=\"swiper-slide\"><div class=\"inner matchHeight\"><div class=\"text\"><p><h4><span class=\"color-white\"><strong>Przyjazny, cierpliwy i dobrze poinformowany <\/strong><\/span><\/h4>\r\nBardzo entuzjastycznie i szczeg\u00f3\u0142owo odpowiadaj\u0105c na nasze liczne pytania dotycz\u0105ce oleju z awokado.\nJeste\u015bmy bardzo wdzi\u0119czni!<\/p>\r\n\t\t\t\t<\/div><div class=\"author\"><div class=\"header\">Kasia \u2013 Influencerka Zdrowej \u017bywno\u015bci, Pozna\u0144<\/div><\/div>\t\t\t\t\t\r\n\t\t\t<\/div><\/div><div class=\"swiper-slide\"><div class=\"inner matchHeight\"><div class=\"text\"><p><h4><span class=\"color-white\"><strong>Spersonalizowana i profesjonalna obs\u0142uga<\/strong><\/span><\/h4>\r\nNatkn\u0119li\u015bmy si\u0119 na Alovado na ich stronie FB i przekonali\u015bmy si\u0119, aby ich wypr\u00f3bowa\u0107. Po naszym pierwszym kontakcie przekonali nas jako odpowiedniego partnera spe\u0142niaj\u0105cego nasze kenijskie wymagania dotycz\u0105ce kawy. Do tej pory nadal tak jest, podobnie jak ich zielone ziarna kawy. Dzieje si\u0119 tak do dzi\u015b, podobnie jak ich zielonych ziaren kawy.<\/p>\r\n\t\t\t\t<\/div><div class=\"author\"><div class=\"header\">Darek \u2013 Palarnia Kawy, Krak\u00f3w<\/div><\/div>\t\t\t\t\t\r\n\t\t\t<\/div><\/div><div class=\"swiper-slide\"><div class=\"inner matchHeight\"><div class=\"text\"><p><h4><span class=\"color-white\"><strong>Dok\u0142adaj\u0105 wszelkich stara\u0144, aby wszystko by\u0142o gotowe!<\/strong><\/span><\/h4>\r\nSkoncentrowali si\u0119 na mnie i dostosowali si\u0119 do moich wyj\u0105tkowych potrzeb.\nJeste\u015bcie i pozostaniecie najlepsi.<\/p>\r\n\t\t\t\t<\/div><div class=\"author\"><div class=\"header\">Dr. Jakub \u2013 \u0141\u00f3d\u017a<\/div><\/div>\t\t\t\t\t\r\n\t\t\t<\/div><\/div><\/div><div class=\"arrows\">\r\n\t\t\t\t<a href=\"#\" class=\"arrow-left fa fa-chevron-left\"><\/a>\r\n\t\t\t\t<a href=\"#\" class=\"arrow-right fa fa-chevron-right\"><\/a>\r\n\t\t\t<\/div><\/div><\/div><\/div><\/div><\/div><\/section><div class=\"vc_row-full-width vc_clearfix\"><\/div>\n<\/div>","protected":false},"excerpt":{"rendered":"They go the extra mile to get it done! They focused on me and accommodated my unique needs. You are and remain the best!","protected":false},"author":1,"featured_media":0,"parent":0,"menu_order":0,"comment_status":"closed","ping_status":"closed","template":"page-templates\/full-width.php","meta":{"footnotes":""},"yoast_head":"<!-- This site is optimized with the Yoast SEO plugin v22.3 - https:\/\/yoast.com\/wordpress\/plugins\/seo\/ -->\n<title>About Us - Alovado<\/title>\n<meta name=\"robots\" content=\"index, follow, max-snippet:-1, max-image-preview:large, max-video-preview:-1\" \/>\n<link rel=\"canonical\" href=\"https:\/\/alovado.com\/pl\/our-story\/\" \/>\n<meta property=\"og:locale\" content=\"pl_PL\" \/>\n<meta property=\"og:type\" content=\"article\" \/>\n<meta property=\"og:title\" content=\"About Us - Alovado\" \/>\n<meta property=\"og:url\" content=\"https:\/\/alovado.com\/pl\/our-story\/\" \/>\n<meta property=\"og:site_name\" content=\"Alovado\" \/>\n<meta property=\"article:modified_time\" content=\"2024-12-11T07:45:53+00:00\" \/>\n<meta name=\"twitter:card\" content=\"summary_large_image\" \/>\n<meta name=\"twitter:label1\" content=\"Szacowany czas czytania\" \/>\n\t<meta name=\"twitter:data1\" content=\"2 minuty\" \/>\n<script type=\"application\/ld+json\" class=\"yoast-schema-graph\">{\"@context\":\"https:\/\/schema.org\",\"@graph\":[{\"@type\":\"WebPage\",\"@id\":\"https:\/\/alovado.com\/pl\/our-story\/\",\"url\":\"https:\/\/alovado.com\/pl\/our-story\/\",\"name\":\"About Us - Alovado\",\"isPartOf\":{\"@id\":\"https:\/\/alovado.com\/#website\"},\"datePublished\":\"2019-04-18T20:24:31+00:00\",\"dateModified\":\"2024-12-11T07:45:53+00:00\",\"breadcrumb\":{\"@id\":\"https:\/\/alovado.com\/pl\/our-story\/#breadcrumb\"},\"inLanguage\":\"pl-PL\",\"potentialAction\":[{\"@type\":\"ReadAction\",\"target\":[\"https:\/\/alovado.com\/pl\/our-story\/\"]}]},{\"@type\":\"BreadcrumbList\",\"@id\":\"https:\/\/alovado.com\/pl\/our-story\/#breadcrumb\",\"itemListElement\":[{\"@type\":\"ListItem\",\"position\":1,\"name\":\"Home\",\"item\":\"https:\/\/alovado.com\/\"},{\"@type\":\"ListItem\",\"position\":2,\"name\":\"About Us\"}]},{\"@type\":\"WebSite\",\"@id\":\"https:\/\/alovado.com\/#website\",\"url\":\"https:\/\/alovado.com\/\",\"name\":\"Alovado\",\"description\":\"Green Coffee, Avocados  and Avocado Oil\",\"potentialAction\":[{\"@type\":\"SearchAction\",\"target\":{\"@type\":\"EntryPoint\",\"urlTemplate\":\"https:\/\/alovado.com\/?s={search_term_string}\"},\"query-input\":\"required name=search_term_string\"}],\"inLanguage\":\"pl-PL\"}]}<\/script>\n<!-- \/ Yoast SEO plugin. -->","yoast_head_json":{"title":"About Us - Alovado","robots":{"index":"index","follow":"follow","max-snippet":"max-snippet:-1","max-image-preview":"max-image-preview:large","max-video-preview":"max-video-preview:-1"},"canonical":"https:\/\/alovado.com\/pl\/our-story\/","og_locale":"pl_PL","og_type":"article","og_title":"About Us - Alovado","og_url":"https:\/\/alovado.com\/pl\/our-story\/","og_site_name":"Alovado","article_modified_time":"2024-12-11T07:45:53+00:00","twitter_card":"summary_large_image","twitter_misc":{"Szacowany czas czytania":"2 minuty"},"schema":{"@context":"https:\/\/schema.org","@graph":[{"@type":"WebPage","@id":"https:\/\/alovado.com\/pl\/our-story\/","url":"https:\/\/alovado.com\/pl\/our-story\/","name":"About Us - Alovado","isPartOf":{"@id":"https:\/\/alovado.com\/#website"},"datePublished":"2019-04-18T20:24:31+00:00","dateModified":"2024-12-11T07:45:53+00:00","breadcrumb":{"@id":"https:\/\/alovado.com\/pl\/our-story\/#breadcrumb"},"inLanguage":"pl-PL","potentialAction":[{"@type":"ReadAction","target":["https:\/\/alovado.com\/pl\/our-story\/"]}]},{"@type":"BreadcrumbList","@id":"https:\/\/alovado.com\/pl\/our-story\/#breadcrumb","itemListElement":[{"@type":"ListItem","position":1,"name":"Home","item":"https:\/\/alovado.com\/"},{"@type":"ListItem","position":2,"name":"About Us"}]},{"@type":"WebSite","@id":"https:\/\/alovado.com\/#website","url":"https:\/\/alovado.com\/","name":"Alovado","description":"Green Coffee, Avocados  and Avocado Oil","potentialAction":[{"@type":"SearchAction","target":{"@type":"EntryPoint","urlTemplate":"https:\/\/alovado.com\/?s={search_term_string}"},"query-input":"required name=search_term_string"}],"inLanguage":"pl-PL"}]}},"_links":{"self":[{"href":"https:\/\/alovado.com\/pl\/wp-json\/wp\/v2\/pages\/8842"}],"collection":[{"href":"https:\/\/alovado.com\/pl\/wp-json\/wp\/v2\/pages"}],"about":[{"href":"https:\/\/alovado.com\/pl\/wp-json\/wp\/v2\/types\/page"}],"author":[{"embeddable":true,"href":"https:\/\/alovado.com\/pl\/wp-json\/wp\/v2\/users\/1"}],"replies":[{"embeddable":true,"href":"https:\/\/alovado.com\/pl\/wp-json\/wp\/v2\/comments?post=8842"}],"version-history":[{"count":32,"href":"https:\/\/alovado.com\/pl\/wp-json\/wp\/v2\/pages\/8842\/revisions"}],"predecessor-version":[{"id":11070,"href":"https:\/\/alovado.com\/pl\/wp-json\/wp\/v2\/pages\/8842\/revisions\/11070"}],"wp:attachment":[{"href":"https:\/\/alovado.com\/pl\/wp-json\/wp\/v2\/media?parent=8842"}],"curies":[{"name":"wp","href":"https:\/\/api.w.org\/{rel}","templated":true}]}}