{"id":25,"date":"2017-05-17T20:05:52","date_gmt":"2017-05-17T20:05:52","guid":{"rendered":"https:\/\/alovado.com\/?page_id=25"},"modified":"2024-07-18T09:47:29","modified_gmt":"2024-07-18T09:47:29","slug":"contact-us","status":"publish","type":"page","link":"https:\/\/alovado.com\/pl\/contact-us\/","title":{"rendered":"Kontakt z nami"},"content":{"rendered":"<div class=\"wpb-content-wrapper\"><section data-vc-full-width=\"true\" data-vc-full-width-temp=\"true\" data-vc-full-width-init=\"false\" class=\"vc_section vc_custom_1720081889007 vc_row-o-full-height\"><div class=\"vc_row wpb_row vc_row-fluid vc_custom_1720081816337\"><div class=\"wpb_column vc_column_container vc_col-sm-12\"><div class=\"vc_column-inner\"><div class=\"wpb_wrapper\">\n\t<div class=\"wpb_text_column wpb_content_element vc_custom_1720082435743 contactbannertext\" >\n\t\t<div class=\"wpb_wrapper\">\n\t\t\t<p style=\"text-align: center; font-size: 21px;\"><span style=\"color: #ffffff;\"><span class=\"typed-me\" data-string0=\"We would like to hear from you \" data-type-speed=\"80\" data-start-delay=\"1500\" data-back-speed=\"80\" data-back-delay=\"1500\" data-loop-count=\"2\" data-loop=\"1\"><\/span><\/span><\/p>\n\n\t\t<\/div>\n\t<\/div>\n<\/div><\/div><\/div><\/div><div class=\"vc_row wpb_row vc_row-fluid vc_custom_1556224735094 vc_row-has-fill vc_row-o-equal-height vc_row-o-content-middle vc_row-flex bg-color-white bg-pos-center-center ltx-one-screen-parallax text-align-center-md-sm-ms\"><div class=\"greencontact wpb_column vc_column_container vc_col-sm-12 vc_col-lg-5 vc_col-md-5 vc_col-has-fill bg-color-second bg-pos-right-top\"><div class=\"vc_column-inner vc_custom_1720510316682\"><div class=\"wpb_wrapper\"><div class=\"ltx-content-width col-align-left\" id=\"like_sc_content_width_189662435\" style=\"max-width: 320px\"><div class=\"ltx-wrapper\"><\/div><\/div><div class=\"ltx-content-width col-align-left\" id=\"like_sc_content_width_1462365154\" style=\"max-width: 500px\"><div class=\"ltx-wrapper\"><div class=\"heading  header-subheader align-left color-white transform-default theme-icon-second icon-type-hidden   vc_custom_1721296027074 heading-tag-h3\" id=\"like_sc_header_555388601\"><h3 class=\"header ltx-sr-id-like_sc_header_555388601292356337 ltx-sr ltx-sr-effect-fade_in ltx-sr-el-block ltx-sr-delay-0 ltx-sr-duration-1000 ltx-sr-sequences-0\">Doskonale wiemy, \u017ce...<\/h3><\/div>\n\t<div class=\"wpb_text_column wpb_content_element\" >\n\t\t<div class=\"wpb_wrapper\">\n\t\t\t<div class=\"wpb_text_column wpb_content_element\">\n<div class=\"wpb_wrapper\">\n<p>Zakup odpowiedniego produktu wymaga do\u015bwiadczenia,<\/p>\n<p>Spotkanie w\u0142a\u015bciwych ludzi wymaga cierpliwo\u015bci,<\/p>\n<p>Prze\u0142amanie kultury wymaga odporno\u015bci,<\/p>\n<p>Pokonanie bariery j\u0119zykowej wymaga wytrwa\u0142o\u015bci.<\/p>\n<p>&nbsp;<\/p>\n<\/div>\n<\/div>\n\n\t\t<\/div>\n\t<\/div>\n<div class=\"heading  header-subheader align-left color-white subcolor-black transform-default theme-icon-second icon-type-hidden faqs  vc_custom_1720090696846 heading-tag-h6\" id=\"like_sc_header_239521588\"><h6 class=\"header ltx-sr-id-like_sc_header_239521588609901170 ltx-sr ltx-sr-effect-fade_in ltx-sr-el-block ltx-sr-delay-0 ltx-sr-duration-1000 ltx-sr-sequences-0\"><span><strong>Alovado<\/strong><\/span> posiada kompetencje, kt\u00f3re pomog\u0105 Ci porusza\u0107 si\u0119 po tych zawi\u0142o\u015bciach pochodzenia.<\/h6><\/div><div class=\"es-resp\">\t<div class=\"visible-xl\" style=\"height: 30px;\"><\/div>\t<div class=\"hidden-xl hidden-md hidden-sm hidden-ms hidden-xs\" style=\"height: 30px;\"><\/div>\t<div class=\"visible-md\" style=\"height: 30px;\"><\/div>\t<div class=\"visible-sm\" style=\"height: 30px;\"><\/div>\t<div class=\"visible-ms\" style=\"height: 30px;\"><\/div>\t<div class=\"visible-xs\" style=\"height: 30px;\"><\/div><\/div><ul class=\"ltx-block-icon  contacticonsbanner icons-count-3 align-left ltx-icon-color-white ltx-icon-size-default ltx-header-color-white ltx-icon-type-circle ltx-bg-color-transparent layout-cols1 ltx-icon-h-right\"  id=\"like_sc_block_icon_1608084988\"><li ><a href=\"tel:+48666678709\"  data-mh=\"ltx-block-icon-in-1998\" class=\"in matchHeight\"><span class=\"ltx-icon fas fa-phone-alt bg-transparent\" data-mh=\"ltx-icon-span-like_sc_block_icon_1608084988\"><\/span> <h6 class=\"header\"> (+48) 666 678 709 <\/h6> <\/a><\/li><li ><a href=\"https:\/\/wa.me\/48666678709\"  data-mh=\"ltx-block-icon-in-1998\" class=\"in matchHeight\"><span class=\"ltx-icon fab fa-whatsapp bg-transparent\" data-mh=\"ltx-icon-span-like_sc_block_icon_1608084988\"><\/span> <h6 class=\"header\"> (+48) 666 678 709 <\/h6> <\/a><\/li><li ><a href=\"mailto:hello@alovado.com\"  data-mh=\"ltx-block-icon-in-1998\" class=\"in matchHeight\"><span class=\"ltx-icon fas fa-envelope bg-transparent\" data-mh=\"ltx-icon-span-like_sc_block_icon_1608084988\"><\/span> <h6 class=\"header\"> hello@alovado.com <\/h6> <\/a><\/li><\/ul><div class=\"es-resp\">\t<div class=\"visible-xl\" style=\"height: 30px;\"><\/div>\t<div class=\"hidden-xl hidden-md hidden-sm hidden-ms hidden-xs\" style=\"height: 30px;\"><\/div>\t<div class=\"visible-md\" style=\"height: 30px;\"><\/div>\t<div class=\"visible-sm\" style=\"height: 30px;\"><\/div>\t<div class=\"visible-ms\" style=\"height: 30px;\"><\/div>\t<div class=\"visible-xs\" style=\"height: 30px;\"><\/div><\/div><div class=\"heading  header-subheader align-left color-white subcolor-black transform-default theme-icon-second icon-type-hidden faqs  vc_custom_1721295725721 heading-tag-h5\" id=\"like_sc_header_2092048619\"><h5 class=\"header ltx-sr-id-like_sc_header_20920486191813704019 ltx-sr ltx-sr-effect-fade_in ltx-sr-el-block ltx-sr-delay-0 ltx-sr-duration-1000 ltx-sr-sequences-0\">Have a simple question?<\/h5><\/div><div class=\"heading  header-subheader align-left color-white subcolor-black transform-default theme-icon-second icon-type-hidden faqs  vc_custom_1721295741943 heading-tag-h5\" id=\"like_sc_header_1431779633\"><a href=\"https:\/\/alovado.com\/pl\/frequently-asked-questions\/\"><h5 class=\"header ltx-sr-id-like_sc_header_14317796331317753237 ltx-sr ltx-sr-effect-fade_in ltx-sr-el-block ltx-sr-delay-0 ltx-sr-duration-1000 ltx-sr-sequences-0\">Check out our <span><strong><u><em>FAQs.<\/em><\/u><\/strong><\/span><\/h5><\/a><\/div><div class=\"align-Left icon-style-theme-icon\"><ul class=\"social-big icon-style-theme-icon icon-weight-bold\" id=\"like_sc_header_1322925141\"><li><a href=\"#\" class=\"ltx-social-color fab fa-facebook\"><\/a><\/li><li><a href=\"#\" class=\"ltx-social-color fab fa-x-twitter\"><\/a><\/li><li><a href=\"#\" class=\"ltx-social-color fab fa-linkedin\"><\/a><\/li><\/ul><\/div><\/div><\/div><\/div><\/div><\/div><div class=\"wpb_column vc_column_container vc_col-sm-12 vc_col-lg-7 vc_col-md-12 vc_col-has-fill bg-pos-center-center\"><div class=\"vc_column-inner vc_custom_1720080381359\"><div class=\"wpb_wrapper\"><div class=\"ltx-content-width col-align-center\" id=\"like_sc_content_width_730410490\" style=\"max-width: 600px\"><div class=\"ltx-wrapper\"><div class=\"es-resp\">\t<div class=\"visible-xl\" style=\"height: 20px;\"><\/div>\t<div class=\"hidden-xl hidden-md hidden-sm hidden-ms hidden-xs\" style=\"height: 20px;\"><\/div>\t<div class=\"visible-md\" style=\"height: 20px;\"><\/div>\t<div class=\"visible-sm\" style=\"height: 20px;\"><\/div>\t<div class=\"visible-ms\" style=\"height: 32px;\"><\/div>\t<div class=\"visible-xs\" style=\"height: 32px;\"><\/div><\/div><div class=\"heading  header-subheader align-center color-black subcolor-main transform-default theme-icon-second icon-type-default   vc_custom_1720671617041 heading-tag-h3\" id=\"like_sc_header_809617831\"><h3 class=\"header ltx-sr-id-like_sc_header_8096178311053975553 ltx-sr ltx-sr-effect-fade_in ltx-sr-el-block ltx-sr-delay-0 ltx-sr-duration-1000 ltx-sr-sequences-0\">Skontaktuj si\u0119 z nami za po\u015brednictwem poczty elektronicznej lub poni\u017cszego formularza i pracujmy razem.<\/h3><\/div><div class=\"ltx-contact-form-7 transform-default form-center form-transparent form-bg-transparent form-style-default form-btn-default form-btn-default form-padding-none    vc_custom_1680681393704\" id=\"like_sc_contact_form_7_397321735\">\n<div class=\"wpcf7 no-js\" id=\"wpcf7-f1555-o2\" lang=\"en-US\" dir=\"ltr\">\n<div class=\"screen-reader-response\"><p role=\"status\" aria-live=\"polite\" aria-atomic=\"true\"><\/p> <ul><\/ul><\/div>\n<form action=\"\/pl\/wp-json\/wp\/v2\/pages\/25#wpcf7-f1555-o2\" method=\"post\" class=\"wpcf7-form init\" aria-label=\"Contact form\" novalidate=\"novalidate\" data-status=\"init\" data-trp-original-action=\"\/pl\/wp-json\/wp\/v2\/pages\/25#wpcf7-f1555-o2\">\n<div style=\"display: none;\">\n<input type=\"hidden\" name=\"_wpcf7\" value=\"1555\" \/>\n<input type=\"hidden\" name=\"_wpcf7_version\" value=\"5.9.3\" \/>\n<input type=\"hidden\" name=\"_wpcf7_locale\" value=\"en_US\" \/>\n<input type=\"hidden\" name=\"_wpcf7_unit_tag\" value=\"wpcf7-f1555-o2\" \/>\n<input type=\"hidden\" name=\"_wpcf7_container_post\" value=\"0\" \/>\n<input type=\"hidden\" name=\"_wpcf7_posted_data_hash\" value=\"\" \/>\n<\/div>\n<div class=\"row\">\n\t<div>\n\t\t<p><span class=\"wpcf7-form-control-wrap\" data-name=\"Name\"><input size=\"40\" class=\"wpcf7-form-control wpcf7-text wpcf7-validates-as-required\" aria-required=\"true\" aria-invalid=\"false\" placeholder=\"Twoje imi\u0119\" value=\"\" type=\"text\" name=\"Name\" \/><\/span>\n\t\t<\/p>\n\t<\/div>\n\t<div>\n\t\t<p><span class=\"wpcf7-form-control-wrap\" data-name=\"Email\"><input size=\"40\" class=\"wpcf7-form-control wpcf7-email wpcf7-validates-as-required wpcf7-text wpcf7-validates-as-email Emailtxt\" aria-required=\"true\" aria-invalid=\"false\" placeholder=\"Tw\u00f3j email\" value=\"\" type=\"email\" name=\"Email\" \/><\/span>\n\t\t<\/p>\n\t<\/div>\n<\/div>\n<div>\n\t<p>Typ zapytania:<br \/>\n<span class=\"wpcf7-form-control-wrap\" data-name=\"Enquiry\"><select class=\"wpcf7-form-control wpcf7-select wpcf7-validates-as-required enquiry\" aria-required=\"true\" aria-invalid=\"false\" name=\"Enquiry\"><option value=\"\">-Prosz\u0119 wybra\u0107 opcj\u0119-.<\/option><option value=\"Coffee Beans\">Ziarna kawy<\/option><option value=\"Avocado Fruit\">Owoc awokado<\/option><option value=\"Avocado Oil\">Olej z awokado<\/option><option value=\"General\">Og\u00f3lne<\/option><\/select><\/span>\n\t<\/p>\n<\/div>\n<p><span class=\"wpcf7-form-control-wrap\" data-name=\"message\"><textarea cols=\"40\" rows=\"10\" class=\"wpcf7-form-control wpcf7-textarea\" aria-invalid=\"false\" placeholder=\"Wiadomo\u015b\u0107\" name=\"message\"><\/textarea><\/span><br \/>\n<input class=\"wpcf7-form-control wpcf7-submit has-spinner contactsubmit\" type=\"submit\" value=\"Prze\u015blij\" \/>\n<\/p><input type='hidden' class='wpcf7-pum' value='{\"closepopup\":false,\"closedelay\":0,\"openpopup\":false,\"openpopup_id\":0}' \/><div class=\"wpcf7-response-output\" aria-hidden=\"true\"><\/div>\n<input type=\"hidden\" name=\"trp-form-language\" value=\"pl\"\/><\/form>\n<\/div>\n<\/div><\/div><\/div><\/div><\/div><\/div><\/div><\/section><div class=\"vc_row-full-width vc_clearfix\"><\/div><div class=\"vc_row wpb_row vc_row-fluid\"><div class=\"wpb_column vc_column_container vc_col-sm-12\"><div class=\"vc_column-inner\"><div class=\"wpb_wrapper\">\n\t<div class=\"wpb_text_column wpb_content_element\" >\n\t\t<div class=\"wpb_wrapper\">\n\t\t\t\n\t\t<\/div>\n\t<\/div>\n<\/div><\/div><\/div><\/div>\n<\/div>","protected":false},"excerpt":{"rendered":"We know well that\u2026 Sourcing for the right product takes experience, Meeting the right people takes patience, Breaking through culture takes resilience, Overcoming language barrier takes perseverance. &nbsp; Alovado has the competencies to help you navigate your way through these intricacies of origin. (+48) 666 678 709 (+48) 666 678 709 hello@alovado.com Have a simple question?Check out our FAQs. Please contact us via email or form below and let's work together. Enquiry type: &#8212;Please choose an option&#8212;Coffee BeansAvocado FruitAvocado OilGeneral","protected":false},"author":1,"featured_media":0,"parent":0,"menu_order":0,"comment_status":"closed","ping_status":"closed","template":"page-templates\/full-width.php","meta":{"footnotes":""},"yoast_head":"<!-- This site is optimized with the Yoast SEO plugin v22.3 - https:\/\/yoast.com\/wordpress\/plugins\/seo\/ -->\n<title>Contact Us - Alovado<\/title>\n<meta name=\"robots\" content=\"index, follow, max-snippet:-1, max-image-preview:large, max-video-preview:-1\" \/>\n<link rel=\"canonical\" href=\"https:\/\/alovado.com\/pl\/contact-us\/\" \/>\n<meta property=\"og:locale\" content=\"pl_PL\" \/>\n<meta property=\"og:type\" content=\"article\" \/>\n<meta property=\"og:title\" content=\"Contact Us - Alovado\" \/>\n<meta property=\"og:url\" content=\"https:\/\/alovado.com\/pl\/contact-us\/\" \/>\n<meta property=\"og:site_name\" content=\"Alovado\" \/>\n<meta property=\"article:modified_time\" content=\"2024-07-18T09:47:29+00:00\" \/>\n<meta name=\"twitter:card\" content=\"summary_large_image\" \/>\n<meta name=\"twitter:label1\" content=\"Szacowany czas czytania\" \/>\n\t<meta name=\"twitter:data1\" content=\"2 minuty\" \/>\n<script type=\"application\/ld+json\" class=\"yoast-schema-graph\">{\"@context\":\"https:\/\/schema.org\",\"@graph\":[{\"@type\":\"WebPage\",\"@id\":\"https:\/\/alovado.com\/pl\/contact-us\/\",\"url\":\"https:\/\/alovado.com\/pl\/contact-us\/\",\"name\":\"Contact Us - Alovado\",\"isPartOf\":{\"@id\":\"https:\/\/alovado.com\/#website\"},\"datePublished\":\"2017-05-17T20:05:52+00:00\",\"dateModified\":\"2024-07-18T09:47:29+00:00\",\"breadcrumb\":{\"@id\":\"https:\/\/alovado.com\/pl\/contact-us\/#breadcrumb\"},\"inLanguage\":\"pl-PL\",\"potentialAction\":[{\"@type\":\"ReadAction\",\"target\":[\"https:\/\/alovado.com\/pl\/contact-us\/\"]}]},{\"@type\":\"BreadcrumbList\",\"@id\":\"https:\/\/alovado.com\/pl\/contact-us\/#breadcrumb\",\"itemListElement\":[{\"@type\":\"ListItem\",\"position\":1,\"name\":\"Home\",\"item\":\"https:\/\/alovado.com\/\"},{\"@type\":\"ListItem\",\"position\":2,\"name\":\"Contact Us\"}]},{\"@type\":\"WebSite\",\"@id\":\"https:\/\/alovado.com\/#website\",\"url\":\"https:\/\/alovado.com\/\",\"name\":\"Alovado\",\"description\":\"Green Coffee, Avocados  and Avocado Oil\",\"potentialAction\":[{\"@type\":\"SearchAction\",\"target\":{\"@type\":\"EntryPoint\",\"urlTemplate\":\"https:\/\/alovado.com\/?s={search_term_string}\"},\"query-input\":\"required name=search_term_string\"}],\"inLanguage\":\"pl-PL\"}]}<\/script>\n<!-- \/ Yoast SEO plugin. -->","yoast_head_json":{"title":"Contact Us - Alovado","robots":{"index":"index","follow":"follow","max-snippet":"max-snippet:-1","max-image-preview":"max-image-preview:large","max-video-preview":"max-video-preview:-1"},"canonical":"https:\/\/alovado.com\/pl\/contact-us\/","og_locale":"pl_PL","og_type":"article","og_title":"Contact Us - Alovado","og_url":"https:\/\/alovado.com\/pl\/contact-us\/","og_site_name":"Alovado","article_modified_time":"2024-07-18T09:47:29+00:00","twitter_card":"summary_large_image","twitter_misc":{"Szacowany czas czytania":"2 minuty"},"schema":{"@context":"https:\/\/schema.org","@graph":[{"@type":"WebPage","@id":"https:\/\/alovado.com\/pl\/contact-us\/","url":"https:\/\/alovado.com\/pl\/contact-us\/","name":"Contact Us - Alovado","isPartOf":{"@id":"https:\/\/alovado.com\/#website"},"datePublished":"2017-05-17T20:05:52+00:00","dateModified":"2024-07-18T09:47:29+00:00","breadcrumb":{"@id":"https:\/\/alovado.com\/pl\/contact-us\/#breadcrumb"},"inLanguage":"pl-PL","potentialAction":[{"@type":"ReadAction","target":["https:\/\/alovado.com\/pl\/contact-us\/"]}]},{"@type":"BreadcrumbList","@id":"https:\/\/alovado.com\/pl\/contact-us\/#breadcrumb","itemListElement":[{"@type":"ListItem","position":1,"name":"Home","item":"https:\/\/alovado.com\/"},{"@type":"ListItem","position":2,"name":"Contact Us"}]},{"@type":"WebSite","@id":"https:\/\/alovado.com\/#website","url":"https:\/\/alovado.com\/","name":"Alovado","description":"Green Coffee, Avocados  and Avocado Oil","potentialAction":[{"@type":"SearchAction","target":{"@type":"EntryPoint","urlTemplate":"https:\/\/alovado.com\/?s={search_term_string}"},"query-input":"required name=search_term_string"}],"inLanguage":"pl-PL"}]}},"_links":{"self":[{"href":"https:\/\/alovado.com\/pl\/wp-json\/wp\/v2\/pages\/25"}],"collection":[{"href":"https:\/\/alovado.com\/pl\/wp-json\/wp\/v2\/pages"}],"about":[{"href":"https:\/\/alovado.com\/pl\/wp-json\/wp\/v2\/types\/page"}],"author":[{"embeddable":true,"href":"https:\/\/alovado.com\/pl\/wp-json\/wp\/v2\/users\/1"}],"replies":[{"embeddable":true,"href":"https:\/\/alovado.com\/pl\/wp-json\/wp\/v2\/comments?post=25"}],"version-history":[{"count":33,"href":"https:\/\/alovado.com\/pl\/wp-json\/wp\/v2\/pages\/25\/revisions"}],"predecessor-version":[{"id":11049,"href":"https:\/\/alovado.com\/pl\/wp-json\/wp\/v2\/pages\/25\/revisions\/11049"}],"wp:attachment":[{"href":"https:\/\/alovado.com\/pl\/wp-json\/wp\/v2\/media?parent=25"}],"curies":[{"name":"wp","href":"https:\/\/api.w.org\/{rel}","templated":true}]}}