{"id":10334,"date":"2023-07-18T07:22:08","date_gmt":"2023-07-18T07:22:08","guid":{"rendered":"https:\/\/alovado.com\/?page_id=10334"},"modified":"2023-07-18T07:41:01","modified_gmt":"2023-07-18T07:41:01","slug":"terms-and-conditions","status":"publish","type":"page","link":"https:\/\/alovado.com\/pl\/terms-and-conditions\/","title":{"rendered":"Zasady i warunki"},"content":{"rendered":"<div class=\"wpb-content-wrapper\"><div class=\"vc_row wpb_row vc_row-fluid privacypolicy vc_custom_1687329884590\"><div class=\"wpb_column vc_column_container vc_col-sm-12\"><div class=\"vc_column-inner\"><div class=\"wpb_wrapper\"><div class=\"heading  default align-left color-main subcolor-main transform-default icon-type-default termsheadingtext heading-tag-h3\" id=\"like_sc_header_491087446\"><h3 class=\"header ltx-sr-id-like_sc_header_491087446886137342 ltx-sr ltx-sr-effect-fade_in ltx-sr-el-block ltx-sr-delay-0 ltx-sr-duration-1000 ltx-sr-sequences-0\">Warunki u\u017cytkowania<\/h3><\/div>\n\t<div class=\"wpb_text_column wpb_content_element privacyparagraphtext\" >\n\t\t<div class=\"wpb_wrapper\">\n\t\t\t<p>Poni\u017csze Warunki maj\u0105 zastosowanie do korzystania z tej strony internetowej przez prywatn\u0105 sp\u00f3\u0142k\u0119 Kapteins International Limited dzia\u0142aj\u0105c\u0105 pod nazw\u0105 Alovado (zwan\u0105 dalej \"Alovado\") z siedzib\u0105 w Nairobi w Kenii.<\/p>\n\n\t\t<\/div>\n\t<\/div>\n<div class=\"heading  header-subheader align-left color-main subcolor-main transform-default has-subheader theme-icon-second icon-type-default heading-tag-h3\" id=\"like_sc_header_1430807882\"><h5 class=\"subheader ltx-sr-id-like_sc_header_14308078821913524999 ltx-sr ltx-sr-effect-fade_in ltx-sr-el-block ltx-sr-delay-100 ltx-sr-duration-300 ltx-sr-sequences-50\">Prawa autorskie<\/h5><\/div>\n\t<div class=\"wpb_text_column wpb_content_element privacyparagraphtext\" >\n\t\t<div class=\"wpb_wrapper\">\n\t\t\t<p>Wszystkie tre\u015bci pojawiaj\u0105ce si\u0119 na tej stronie internetowej s\u0105 w\u0142asno\u015bci\u0105 Alovado za po\u015brednictwem Kapteins International Limited. Wszelkie prawa zastrze\u017cone. Jako u\u017cytkownik jeste\u015b upowa\u017cniony wy\u0142\u0105cznie do przegl\u0105dania, kopiowania, drukowania i rozpowszechniania dokument\u00f3w na tej stronie internetowej, o ile (1) dokument jest u\u017cywany wy\u0142\u0105cznie w celach informacyjnych oraz (2) ka\u017cda kopia dokumentu (lub jego cz\u0119\u015bci) zawiera nast\u0119puj\u0105c\u0105 informacj\u0119 o prawach autorskich: Copyright \u00a9 2023 Alovado through Kapteins International Limited. Wszelkie prawa zastrze\u017cone.<\/p>\n\n\t\t<\/div>\n\t<\/div>\n<div class=\"heading  header-subheader align-left color-main subcolor-main transform-default has-subheader theme-icon-second icon-type-default termsheadingtext heading-tag-h3\" id=\"like_sc_header_1757720597\"><h5 class=\"subheader ltx-sr-id-like_sc_header_17577205971402593501 ltx-sr ltx-sr-effect-fade_in ltx-sr-el-block ltx-sr-delay-100 ltx-sr-duration-300 ltx-sr-sequences-50\">Znaki towarowe<\/h5><\/div>\n\t<div class=\"wpb_text_column wpb_content_element privacyparagraphtext\" >\n\t\t<div class=\"wpb_wrapper\">\n\t\t\t<p>Wszystkie nazwy marek, produkt\u00f3w, us\u0142ug i proces\u00f3w pojawiaj\u0105ce si\u0119 na tej stronie internetowej s\u0105 znakami towarowymi ich odpowiednich w\u0142a\u015bcicieli. Odniesienie do lub korzystanie z produktu, us\u0142ugi lub procesu nie oznacza rekomendacji, zatwierdzenia, powi\u0105zania lub sponsorowania tego produktu, us\u0142ugi lub procesu przez Alovado. \u017badne z postanowie\u0144 zawartych w niniejszym dokumencie nie mo\u017ce by\u0107 interpretowane jako przyznanie przez domniemanie, estoppel lub w inny spos\u00f3b jakiejkolwiek licencji lub prawa wynikaj\u0105cego z jakiegokolwiek patentu, prawa autorskiego, znaku towarowego lub innego prawa w\u0142asno\u015bci intelektualnej Alovado lub jakiejkolwiek strony trzeciej, z wyj\u0105tkiem przypadk\u00f3w wyra\u017anie okre\u015blonych w niniejszym dokumencie.<\/p>\n\n\t\t<\/div>\n\t<\/div>\n<div class=\"heading  header-subheader align-left color-main subcolor-main transform-default has-subheader theme-icon-second icon-type-default termsheadingtext heading-tag-h3\" id=\"like_sc_header_1688593785\"><h5 class=\"subheader ltx-sr-id-like_sc_header_16885937852000749656 ltx-sr ltx-sr-effect-fade_in ltx-sr-el-block ltx-sr-delay-100 ltx-sr-duration-300 ltx-sr-sequences-50\">Korzystanie z witryny<\/h5><\/div>\n\t<div class=\"wpb_text_column wpb_content_element privacyparagraphtext\" >\n\t\t<div class=\"wpb_wrapper\">\n\t\t\t<p>Niniejsza witryna mo\u017ce zawiera\u0107 inne informacje o prawach w\u0142asno\u015bci i prawach autorskich, kt\u00f3rych warunki musz\u0105 by\u0107 przestrzegane. Informacje na tej stronie mog\u0105 zawiera\u0107 nie\u015bcis\u0142o\u015bci techniczne lub b\u0142\u0119dy typograficzne. Informacje, w tym ceny i dost\u0119pno\u015b\u0107 produkt\u00f3w, mog\u0105 zosta\u0107 zmienione lub zaktualizowane bez powiadomienia. Alovado i jej sp\u00f3\u0142ki zale\u017cne zastrzegaj\u0105 sobie prawo do odmowy \u015bwiadczenia us\u0142ug, zamkni\u0119cia kont i \/ lub anulowania zam\u00f3wie\u0144 wed\u0142ug w\u0142asnego uznania, w tym mi\u0119dzy innymi, je\u015bli Alovado uzna, \u017ce zachowanie klienta narusza obowi\u0105zuj\u0105ce prawo lub jest szkodliwe dla interes\u00f3w Alovado i jej sp\u00f3\u0142ek zale\u017cnych.<\/p>\n\n\t\t<\/div>\n\t<\/div>\n<div class=\"heading  header-subheader align-left color-main subcolor-main transform-default has-subheader theme-icon-second icon-type-default termsheadingtext heading-tag-h3\" id=\"like_sc_header_1614235526\"><h5 class=\"subheader ltx-sr-id-like_sc_header_1614235526490694288 ltx-sr ltx-sr-effect-fade_in ltx-sr-el-block ltx-sr-delay-100 ltx-sr-duration-300 ltx-sr-sequences-50\">Polityka Prywatno\u015bci<\/h5><\/div>\n\t<div class=\"wpb_text_column wpb_content_element privacyparagraphtext\" >\n\t\t<div class=\"wpb_wrapper\">\n\t\t\t<p>Korzystanie przez Alovado z danych osobowych, kt\u00f3re mo\u017cesz przes\u0142a\u0107 za po\u015brednictwem tej witryny internetowej, podlega <a href=\"https:\/\/alovado.com\/pl\/privacy-policy\/\">Polityce Prywatno\u015bci Alovado<\/a><\/p>\n\n\t\t<\/div>\n\t<\/div>\n<div class=\"heading  header-subheader align-left color-main subcolor-main transform-default has-subheader theme-icon-second icon-type-default termsheadingtext heading-tag-h3\" id=\"like_sc_header_1133328284\"><h5 class=\"subheader ltx-sr-id-like_sc_header_11333282841779169788 ltx-sr ltx-sr-effect-fade_in ltx-sr-el-block ltx-sr-delay-100 ltx-sr-duration-300 ltx-sr-sequences-50\">R\u00f3\u017cne<\/h5><\/div>\n\t<div class=\"wpb_text_column wpb_content_element privacyparagraphtext\" >\n\t\t<div class=\"wpb_wrapper\">\n\t\t\t<p>NIEWA\u017bNE TAM, GDZIE JEST TO ZABRONIONE: Chocia\u017c informacje na tej stronie internetowej s\u0105 dost\u0119pne na ca\u0142ym \u015bwiecie, nie wszystkie produkty lub us\u0142ugi om\u00f3wione na tej stronie internetowej s\u0105 dost\u0119pne dla wszystkich os\u00f3b lub we wszystkich lokalizacjach geograficznych lub jurysdykcjach. Alovado i reklamodawcy zastrzegaj\u0105 sobie prawo do ograniczenia dostarczania swoich produkt\u00f3w lub us\u0142ug do dowolnej osoby, obszaru geograficznego lub jurysdykcji, kt\u00f3rej sobie \u017cycz\u0105, oraz do ograniczenia ilo\u015bci dostarczanych produkt\u00f3w lub us\u0142ug. Wszelkie oferty dotycz\u0105ce jakichkolwiek produkt\u00f3w lub us\u0142ug przedstawione w materia\u0142ach na tej stronie internetowej s\u0105 niewa\u017cne tam, gdzie jest to zabronione.<\/p>\n<p>&nbsp;<\/p>\n<p>PRAWO W\u0141A\u015aCIWE: W przypadku sporu s\u0105dowego obie strony zgadzaj\u0105 si\u0119, \u017ce zastosowanie maj\u0105 przepisy prawa Kenii i obie strony wyra\u017caj\u0105 zgod\u0119 na jurysdykcj\u0119 s\u0105d\u00f3w stanowych Kenii, nawet w przypadku r\u00f3\u017cnorodno\u015bci obywatelstwa. Obie strony wyra\u017anie zrzekaj\u0105 si\u0119 procesu przed \u0142aw\u0105 przysi\u0119g\u0142ych.<\/p>\n<p>&nbsp;<\/p>\n<p>POSTANOWIENIA R\u00d3\u017bNE: Regulamin stanowi ca\u0142o\u015b\u0107 umowy mi\u0119dzy u\u017cytkownikiem a Alovado w odniesieniu do tej witryny internetowej. Warunki zast\u0119puj\u0105 wszelkie wcze\u015bniejsze lub r\u00f3wnoczesne komunikaty i propozycje, zar\u00f3wno elektroniczne, ustne, jak i pisemne, mi\u0119dzy u\u017cytkownikiem a Alovado w odniesieniu do tej witryny internetowej. \u017badna modyfikacja Regulaminu nie b\u0119dzie skuteczna, chyba \u017ce zostanie autoryzowana przez Alovado. Je\u015bli kt\u00f3rekolwiek z postanowie\u0144 Regulaminu zostanie uznane za sprzeczne z prawem, w\u00f3wczas takie postanowienie(a) zostanie(\u0105) skonstruowane w taki spos\u00f3b, aby w jak najwi\u0119kszym stopniu odzwierciedla\u0142o(y) intencje stron, przy czym pozosta\u0142e postanowienia pozostan\u0105 w pe\u0142nej mocy.<\/p>\n<p>Aby uzyska\u0107 wi\u0119cej informacji, wy\u015blij e-mail <a href=\"mailto:hello@alovado.com\">hello@alovado.com<\/a><\/p>\n\n\t\t<\/div>\n\t<\/div>\n<\/div><\/div><\/div><\/div>\n<\/div>","protected":false},"excerpt":{"rendered":"Terms of Use The following Terms and Conditions apply to the use of this Web site by private company Kapteins International Limited trading as Alovado (hereinafter \u2018Alovado\u2019) having its registered office in Nairobi, Kenya. Copyright All content appearing on this Web site is the property of Alovado through Kapteins International Limited. All rights reserved. As a user, you are authorized only to view, copy, print, and distribute documents on this Web site so long as (1) the document is used for informational purposes only, and (2) any copy of the document (or portion thereof) includes the following copyright notice: Copyright \u00a9 2023 Alovado through Kapteins International Limited. All rights reserved. Trademarks All brand, product, service, and process names appearing on this Web site are trademarks of their respective holders. Reference to or use of a product, service, or process does not imply recommendation, approval, affiliation, or sponsorship of that product, [...]","protected":false},"author":1,"featured_media":0,"parent":0,"menu_order":0,"comment_status":"closed","ping_status":"closed","template":"","meta":{"footnotes":""},"yoast_head":"<!-- This site is optimized with the Yoast SEO plugin v22.3 - https:\/\/yoast.com\/wordpress\/plugins\/seo\/ -->\n<title>Terms And Conditions - Alovado<\/title>\n<meta name=\"robots\" content=\"index, follow, max-snippet:-1, max-image-preview:large, max-video-preview:-1\" \/>\n<link rel=\"canonical\" href=\"https:\/\/alovado.com\/pl\/terms-and-conditions\/\" \/>\n<meta property=\"og:locale\" content=\"pl_PL\" \/>\n<meta property=\"og:type\" content=\"article\" \/>\n<meta property=\"og:title\" content=\"Terms And Conditions - Alovado\" \/>\n<meta property=\"og:url\" content=\"https:\/\/alovado.com\/pl\/terms-and-conditions\/\" \/>\n<meta property=\"og:site_name\" content=\"Alovado\" \/>\n<meta property=\"article:modified_time\" content=\"2023-07-18T07:41:01+00:00\" \/>\n<meta name=\"twitter:card\" content=\"summary_large_image\" \/>\n<meta name=\"twitter:label1\" content=\"Szacowany czas czytania\" \/>\n\t<meta name=\"twitter:data1\" content=\"4 minuty\" \/>\n<script type=\"application\/ld+json\" class=\"yoast-schema-graph\">{\"@context\":\"https:\/\/schema.org\",\"@graph\":[{\"@type\":\"WebPage\",\"@id\":\"https:\/\/alovado.com\/terms-and-conditions\/\",\"url\":\"https:\/\/alovado.com\/terms-and-conditions\/\",\"name\":\"Terms And Conditions - Alovado\",\"isPartOf\":{\"@id\":\"https:\/\/alovado.com\/#website\"},\"datePublished\":\"2023-07-18T07:22:08+00:00\",\"dateModified\":\"2023-07-18T07:41:01+00:00\",\"breadcrumb\":{\"@id\":\"https:\/\/alovado.com\/terms-and-conditions\/#breadcrumb\"},\"inLanguage\":\"pl-PL\",\"potentialAction\":[{\"@type\":\"ReadAction\",\"target\":[\"https:\/\/alovado.com\/terms-and-conditions\/\"]}]},{\"@type\":\"BreadcrumbList\",\"@id\":\"https:\/\/alovado.com\/terms-and-conditions\/#breadcrumb\",\"itemListElement\":[{\"@type\":\"ListItem\",\"position\":1,\"name\":\"Home\",\"item\":\"https:\/\/alovado.com\/\"},{\"@type\":\"ListItem\",\"position\":2,\"name\":\"Terms And Conditions\"}]},{\"@type\":\"WebSite\",\"@id\":\"https:\/\/alovado.com\/#website\",\"url\":\"https:\/\/alovado.com\/\",\"name\":\"Alovado\",\"description\":\"Green Coffee, Avocados  and Avocado Oil\",\"potentialAction\":[{\"@type\":\"SearchAction\",\"target\":{\"@type\":\"EntryPoint\",\"urlTemplate\":\"https:\/\/alovado.com\/?s={search_term_string}\"},\"query-input\":\"required name=search_term_string\"}],\"inLanguage\":\"pl-PL\"}]}<\/script>\n<!-- \/ Yoast SEO plugin. -->","yoast_head_json":{"title":"Terms And Conditions - Alovado","robots":{"index":"index","follow":"follow","max-snippet":"max-snippet:-1","max-image-preview":"max-image-preview:large","max-video-preview":"max-video-preview:-1"},"canonical":"https:\/\/alovado.com\/pl\/terms-and-conditions\/","og_locale":"pl_PL","og_type":"article","og_title":"Terms And Conditions - Alovado","og_url":"https:\/\/alovado.com\/pl\/terms-and-conditions\/","og_site_name":"Alovado","article_modified_time":"2023-07-18T07:41:01+00:00","twitter_card":"summary_large_image","twitter_misc":{"Szacowany czas czytania":"4 minuty"},"schema":{"@context":"https:\/\/schema.org","@graph":[{"@type":"WebPage","@id":"https:\/\/alovado.com\/terms-and-conditions\/","url":"https:\/\/alovado.com\/terms-and-conditions\/","name":"Terms And Conditions - Alovado","isPartOf":{"@id":"https:\/\/alovado.com\/#website"},"datePublished":"2023-07-18T07:22:08+00:00","dateModified":"2023-07-18T07:41:01+00:00","breadcrumb":{"@id":"https:\/\/alovado.com\/terms-and-conditions\/#breadcrumb"},"inLanguage":"pl-PL","potentialAction":[{"@type":"ReadAction","target":["https:\/\/alovado.com\/terms-and-conditions\/"]}]},{"@type":"BreadcrumbList","@id":"https:\/\/alovado.com\/terms-and-conditions\/#breadcrumb","itemListElement":[{"@type":"ListItem","position":1,"name":"Home","item":"https:\/\/alovado.com\/"},{"@type":"ListItem","position":2,"name":"Terms And Conditions"}]},{"@type":"WebSite","@id":"https:\/\/alovado.com\/#website","url":"https:\/\/alovado.com\/","name":"Alovado","description":"Green Coffee, Avocados  and Avocado Oil","potentialAction":[{"@type":"SearchAction","target":{"@type":"EntryPoint","urlTemplate":"https:\/\/alovado.com\/?s={search_term_string}"},"query-input":"required name=search_term_string"}],"inLanguage":"pl-PL"}]}},"_links":{"self":[{"href":"https:\/\/alovado.com\/pl\/wp-json\/wp\/v2\/pages\/10334"}],"collection":[{"href":"https:\/\/alovado.com\/pl\/wp-json\/wp\/v2\/pages"}],"about":[{"href":"https:\/\/alovado.com\/pl\/wp-json\/wp\/v2\/types\/page"}],"author":[{"embeddable":true,"href":"https:\/\/alovado.com\/pl\/wp-json\/wp\/v2\/users\/1"}],"replies":[{"embeddable":true,"href":"https:\/\/alovado.com\/pl\/wp-json\/wp\/v2\/comments?post=10334"}],"version-history":[{"count":0,"href":"https:\/\/alovado.com\/pl\/wp-json\/wp\/v2\/pages\/10334\/revisions"}],"wp:attachment":[{"href":"https:\/\/alovado.com\/pl\/wp-json\/wp\/v2\/media?parent=10334"}],"curies":[{"name":"wp","href":"https:\/\/api.w.org\/{rel}","templated":true}]}}