{"id":10225,"date":"2023-06-21T14:01:33","date_gmt":"2023-06-21T14:01:33","guid":{"rendered":"https:\/\/alovado.com\/?page_id=10225"},"modified":"2023-06-21T14:07:01","modified_gmt":"2023-06-21T14:07:01","slug":"place-your-order","status":"publish","type":"page","link":"https:\/\/alovado.com\/pl\/place-your-order\/","title":{"rendered":"Z\u0142\u00f3\u017c zam\u00f3wienie"},"content":{"rendered":"<div class=\"wpb-content-wrapper\"><section data-vc-full-width=\"true\" data-vc-full-width-temp=\"true\" data-vc-full-width-init=\"false\" class=\"vc_section vc_row-o-full-height\"><div class=\"vc_row wpb_row vc_row-fluid vc_custom_1556224735094 vc_row-has-fill vc_row-o-equal-height vc_row-o-content-middle vc_row-flex bg-color-white bg-pos-center-center ltx-one-screen-parallax text-align-center-md-sm-ms\"><div class=\"wpb_column vc_column_container vc_col-sm-12 vc_col-lg-7 vc_col-md-12 vc_col-has-fill bg-pos-center-center\"><div class=\"vc_column-inner vc_custom_1680684560555\"><div class=\"wpb_wrapper\"><div class=\"ltx-content-width col-align-center\" id=\"like_sc_content_width_1318182117\" style=\"max-width: 600px\"><div class=\"ltx-wrapper\"><div class=\"heading  header-subheader align-center color-black subcolor-main transform-default theme-icon-second icon-type-default   vc_custom_1687355856888 heading-tag-h3\" id=\"like_sc_header_943819625\"><h3 class=\"header ltx-sr-id-like_sc_header_943819625364689777 ltx-sr ltx-sr-effect-fade_in ltx-sr-el-block ltx-sr-delay-0 ltx-sr-duration-1000 ltx-sr-sequences-0\">Place Your order Below &amp; We Will Get Back To You<\/h3><\/div><div class=\"ltx-contact-form-7 transform-default form-center form-transparent form-bg-transparent form-style-default form-btn-default form-btn-default form-padding-none    vc_custom_1687355707217\" id=\"like_sc_contact_form_7_880123078\">\n<div class=\"wpcf7 no-js\" id=\"wpcf7-f1557-o2\" lang=\"en-US\" dir=\"ltr\">\n<div class=\"screen-reader-response\"><p role=\"status\" aria-live=\"polite\" aria-atomic=\"true\"><\/p> <ul><\/ul><\/div>\n<form action=\"\/pl\/wp-json\/wp\/v2\/pages\/10225#wpcf7-f1557-o2\" method=\"post\" class=\"wpcf7-form init\" aria-label=\"Contact form\" novalidate=\"novalidate\" data-status=\"init\" data-trp-original-action=\"\/pl\/wp-json\/wp\/v2\/pages\/10225#wpcf7-f1557-o2\">\n<div style=\"display: none;\">\n<input type=\"hidden\" name=\"_wpcf7\" value=\"1557\" \/>\n<input type=\"hidden\" name=\"_wpcf7_version\" value=\"5.9.3\" \/>\n<input type=\"hidden\" name=\"_wpcf7_locale\" value=\"en_US\" \/>\n<input type=\"hidden\" name=\"_wpcf7_unit_tag\" value=\"wpcf7-f1557-o2\" \/>\n<input type=\"hidden\" name=\"_wpcf7_container_post\" value=\"0\" \/>\n<input type=\"hidden\" name=\"_wpcf7_posted_data_hash\" value=\"\" \/>\n<\/div>\n<div class=\"row cf7-row\">\n\t<div class=\"col\">\n\t\t<p><label for=\"name\" class=\"cf7-label\">Your Name (required)<\/label><br \/>\n<span class=\"wpcf7-form-control-wrap\" data-name=\"Name\"><input size=\"40\" class=\"wpcf7-form-control wpcf7-text wpcf7-validates-as-required cf7-input\" aria-required=\"true\" aria-invalid=\"false\" placeholder=\"Enter your full name\" value=\"\" type=\"text\" name=\"Name\" \/><\/span>\n\t\t<\/p>\n\t<\/div>\n\t<div class=\"col\">\n\t\t<p><label for=\"email\" class=\"cf7-label\">Your Email (required)<\/label><br \/>\n<span class=\"wpcf7-form-control-wrap\" data-name=\"Email\"><input size=\"40\" class=\"wpcf7-form-control wpcf7-email wpcf7-validates-as-required wpcf7-text wpcf7-validates-as-email cf7-input\" aria-required=\"true\" aria-invalid=\"false\" placeholder=\"Enter your email address\" value=\"\" type=\"email\" name=\"Email\" \/><\/span>\n\t\t<\/p>\n\t<\/div>\n<\/div>\n<div class=\"cf7-row\">\n\t<p><label for=\"products\" class=\"cf7-label\">Select Coffee Grade (required)<\/label><br \/>\n<span class=\"wpcf7-form-control-wrap\" data-name=\"Products\"><select class=\"wpcf7-form-control wpcf7-select wpcf7-validates-as-required cf7-input\" aria-required=\"true\" aria-invalid=\"false\" name=\"Products\"><option value=\"\">-Prosz\u0119 wybra\u0107 opcj\u0119-.<\/option><option value=\"Kenya AA\">Kenya AA<\/option><option value=\"Kenya AB\">Kenya AB<\/option><option value=\"Kenya PB\">Kenya PB<\/option><option value=\"Kenya C\">Kenya C<\/option><\/select><\/span>\n\t<\/p>\n<\/div>\n<div class=\"cf7-row\">\n\t<p><label for=\"amount\" class=\"cf7-label\">Quantity in Kilograms (Kg) (required)<\/label><br \/>\n<span class=\"wpcf7-form-control-wrap\" data-name=\"Amount\"><input class=\"wpcf7-form-control wpcf7-number wpcf7-validates-as-required wpcf7-validates-as-number cf7-input\" min=\"1\" max=\"999999\" step=\"10\" aria-required=\"true\" aria-invalid=\"false\" placeholder=\"Enter quantity\" value=\"\" type=\"number\" name=\"Amount\" \/><\/span>\n\t<\/p>\n<\/div>\n<div class=\"cf7-row\">\n\t<p><label for=\"message\" class=\"cf7-label\">Additional Message (optional)<\/label><br \/>\n<span class=\"wpcf7-form-control-wrap\" data-name=\"Message\"><textarea cols=\"40\" rows=\"4\" class=\"wpcf7-form-control wpcf7-textarea cf7-input\" aria-invalid=\"false\" placeholder=\"Any additional information or special requirements\" name=\"Message\"><\/textarea><\/span>\n\t<\/p>\n<\/div>\n<div>\n\t<p><input class=\"wpcf7-form-control wpcf7-submit has-spinner prodsubmit\" type=\"submit\" value=\"Submit Bulk Order\" \/>\n\t<\/p>\n<\/div><input type='hidden' class='wpcf7-pum' value='{\"closepopup\":false,\"closedelay\":0,\"openpopup\":false,\"openpopup_id\":0}' \/><div class=\"wpcf7-response-output\" aria-hidden=\"true\"><\/div>\n<input type=\"hidden\" name=\"trp-form-language\" value=\"pl\"\/><\/form>\n<\/div>\n<\/div><\/div><\/div><\/div><\/div><\/div><\/div><\/section><div class=\"vc_row-full-width vc_clearfix\"><\/div>\n<\/div>","protected":false},"excerpt":{"rendered":"Place Your order Below &amp; We Will Get Back To You Your Name (required) Your Email (required) Select Coffee Grade (required) &#8212;Please choose an option&#8212;Kenya AAKenya ABKenya PBKenya C Quantity in Kilograms (Kg) (required) Additional Message (optional)","protected":false},"author":1,"featured_media":0,"parent":0,"menu_order":0,"comment_status":"closed","ping_status":"closed","template":"","meta":{"footnotes":""},"yoast_head":"<!-- This site is optimized with the Yoast SEO plugin v22.3 - https:\/\/yoast.com\/wordpress\/plugins\/seo\/ -->\n<title>Place Your Order - Alovado<\/title>\n<meta name=\"robots\" content=\"index, follow, max-snippet:-1, max-image-preview:large, max-video-preview:-1\" \/>\n<link rel=\"canonical\" href=\"https:\/\/alovado.com\/pl\/place-your-order\/\" \/>\n<meta property=\"og:locale\" content=\"pl_PL\" \/>\n<meta property=\"og:type\" content=\"article\" \/>\n<meta property=\"og:title\" content=\"Place Your Order - Alovado\" \/>\n<meta property=\"og:url\" content=\"https:\/\/alovado.com\/pl\/place-your-order\/\" \/>\n<meta property=\"og:site_name\" content=\"Alovado\" \/>\n<meta property=\"article:modified_time\" content=\"2023-06-21T14:07:01+00:00\" \/>\n<meta name=\"twitter:card\" content=\"summary_large_image\" \/>\n<meta name=\"twitter:label1\" content=\"Szacowany czas czytania\" \/>\n\t<meta name=\"twitter:data1\" content=\"1 minuta\" \/>\n<script type=\"application\/ld+json\" class=\"yoast-schema-graph\">{\"@context\":\"https:\/\/schema.org\",\"@graph\":[{\"@type\":\"WebPage\",\"@id\":\"https:\/\/alovado.com\/place-your-order\/\",\"url\":\"https:\/\/alovado.com\/place-your-order\/\",\"name\":\"Place Your Order - Alovado\",\"isPartOf\":{\"@id\":\"https:\/\/alovado.com\/#website\"},\"datePublished\":\"2023-06-21T14:01:33+00:00\",\"dateModified\":\"2023-06-21T14:07:01+00:00\",\"breadcrumb\":{\"@id\":\"https:\/\/alovado.com\/place-your-order\/#breadcrumb\"},\"inLanguage\":\"pl-PL\",\"potentialAction\":[{\"@type\":\"ReadAction\",\"target\":[\"https:\/\/alovado.com\/place-your-order\/\"]}]},{\"@type\":\"BreadcrumbList\",\"@id\":\"https:\/\/alovado.com\/place-your-order\/#breadcrumb\",\"itemListElement\":[{\"@type\":\"ListItem\",\"position\":1,\"name\":\"Home\",\"item\":\"https:\/\/alovado.com\/\"},{\"@type\":\"ListItem\",\"position\":2,\"name\":\"Place Your Order\"}]},{\"@type\":\"WebSite\",\"@id\":\"https:\/\/alovado.com\/#website\",\"url\":\"https:\/\/alovado.com\/\",\"name\":\"Alovado\",\"description\":\"Green Coffee, Avocados  and Avocado Oil\",\"potentialAction\":[{\"@type\":\"SearchAction\",\"target\":{\"@type\":\"EntryPoint\",\"urlTemplate\":\"https:\/\/alovado.com\/?s={search_term_string}\"},\"query-input\":\"required name=search_term_string\"}],\"inLanguage\":\"pl-PL\"}]}<\/script>\n<!-- \/ Yoast SEO plugin. -->","yoast_head_json":{"title":"Place Your Order - Alovado","robots":{"index":"index","follow":"follow","max-snippet":"max-snippet:-1","max-image-preview":"max-image-preview:large","max-video-preview":"max-video-preview:-1"},"canonical":"https:\/\/alovado.com\/pl\/place-your-order\/","og_locale":"pl_PL","og_type":"article","og_title":"Place Your Order - Alovado","og_url":"https:\/\/alovado.com\/pl\/place-your-order\/","og_site_name":"Alovado","article_modified_time":"2023-06-21T14:07:01+00:00","twitter_card":"summary_large_image","twitter_misc":{"Szacowany czas czytania":"1 minuta"},"schema":{"@context":"https:\/\/schema.org","@graph":[{"@type":"WebPage","@id":"https:\/\/alovado.com\/place-your-order\/","url":"https:\/\/alovado.com\/place-your-order\/","name":"Place Your Order - Alovado","isPartOf":{"@id":"https:\/\/alovado.com\/#website"},"datePublished":"2023-06-21T14:01:33+00:00","dateModified":"2023-06-21T14:07:01+00:00","breadcrumb":{"@id":"https:\/\/alovado.com\/place-your-order\/#breadcrumb"},"inLanguage":"pl-PL","potentialAction":[{"@type":"ReadAction","target":["https:\/\/alovado.com\/place-your-order\/"]}]},{"@type":"BreadcrumbList","@id":"https:\/\/alovado.com\/place-your-order\/#breadcrumb","itemListElement":[{"@type":"ListItem","position":1,"name":"Home","item":"https:\/\/alovado.com\/"},{"@type":"ListItem","position":2,"name":"Place Your Order"}]},{"@type":"WebSite","@id":"https:\/\/alovado.com\/#website","url":"https:\/\/alovado.com\/","name":"Alovado","description":"Green Coffee, Avocados  and Avocado Oil","potentialAction":[{"@type":"SearchAction","target":{"@type":"EntryPoint","urlTemplate":"https:\/\/alovado.com\/?s={search_term_string}"},"query-input":"required name=search_term_string"}],"inLanguage":"pl-PL"}]}},"_links":{"self":[{"href":"https:\/\/alovado.com\/pl\/wp-json\/wp\/v2\/pages\/10225"}],"collection":[{"href":"https:\/\/alovado.com\/pl\/wp-json\/wp\/v2\/pages"}],"about":[{"href":"https:\/\/alovado.com\/pl\/wp-json\/wp\/v2\/types\/page"}],"author":[{"embeddable":true,"href":"https:\/\/alovado.com\/pl\/wp-json\/wp\/v2\/users\/1"}],"replies":[{"embeddable":true,"href":"https:\/\/alovado.com\/pl\/wp-json\/wp\/v2\/comments?post=10225"}],"version-history":[{"count":0,"href":"https:\/\/alovado.com\/pl\/wp-json\/wp\/v2\/pages\/10225\/revisions"}],"wp:attachment":[{"href":"https:\/\/alovado.com\/pl\/wp-json\/wp\/v2\/media?parent=10225"}],"curies":[{"name":"wp","href":"https:\/\/api.w.org\/{rel}","templated":true}]}}