{"id":10100,"date":"2023-06-20T12:13:36","date_gmt":"2023-06-20T12:13:36","guid":{"rendered":"https:\/\/alovado.com\/?page_id=10100"},"modified":"2024-06-27T13:05:08","modified_gmt":"2024-06-27T13:05:08","slug":"frequently-asked-questions","status":"publish","type":"page","link":"https:\/\/alovado.com\/pl\/frequently-asked-questions\/","title":{"rendered":"Cz\u0119sto zadawane pytania"},"content":{"rendered":"<div class=\"wpb-content-wrapper\"><section class=\"vc_section vc_custom_1687250841698 ltx-split-sections-left text-align-center-ms\"><div class=\"vc_row wpb_row vc_row-fluid\"><div class=\"wpb_column vc_column_container vc_col-sm-12\"><div class=\"vc_column-inner\"><div class=\"wpb_wrapper\"><\/div><\/div><\/div><\/div><\/section><section class=\"vc_section greencontact vc_custom_1687266418707 ltx-split-sections-left text-align-center-ms\"><div data-vc-full-width=\"true\" data-vc-full-width-temp=\"true\" data-vc-full-width-init=\"false\" class=\"vc_row wpb_row vc_row-fluid avoparallax vc_custom_1719492516133 vc_row-o-content-top vc_row-flex bg-pos-right-center\"><div class=\"coffeeaccordion wpb_column vc_column_container vc_col-sm-6\"><div class=\"vc_column-inner\"><div class=\"wpb_wrapper\"><div class=\"heading  default align-left color-black subcolor-main transform-default icon-type-default   vc_custom_1687266651046 heading-tag-h3\" id=\"like_sc_header_314014918\"><h3 class=\"header ltx-sr-id-like_sc_header_314014918148859069 ltx-sr ltx-sr-effect-fade_in ltx-sr-el-block ltx-sr-delay-0 ltx-sr-duration-1000 ltx-sr-sequences-0\">Kawa<\/h3><\/div><div class=\"vc_tta-container\" data-vc-action=\"collapseAll\"><div class=\"vc_general vc_tta vc_tta-accordion vc_tta-color-grey vc_tta-style-classic vc_tta-shape-rounded vc_tta-o-shape-group vc_tta-controls-align-default vc_tta-o-all-clickable  innercoffeeaccordion\"><div class=\"vc_tta-panels-container\"><div class=\"vc_tta-panels\"><div class=\"vc_tta-panel\" id=\"1689928163566-241ef22b-f1cf\" data-vc-content=\".vc_tta-panel-body\"><div class=\"vc_tta-panel-heading\"><h4 class=\"vc_tta-panel-title vc_tta-controls-icon-position-left\"><a href=\"#1689928163566-241ef22b-f1cf\" data-vc-accordion data-vc-container=\".vc_tta-container\"><span class=\"vc_tta-title-text\">Jakie s\u0105 najpopularniejsze gatunki kawy w\u015br\u00f3d palarni kawy?<\/span><i class=\"vc_tta-controls-icon vc_tta-controls-icon-plus\"><\/i><\/a><\/h4><\/div><div class=\"vc_tta-panel-body\">\n\t<div class=\"wpb_text_column wpb_content_element\" >\n\t\t<div class=\"wpb_wrapper\">\n\t\t\t<div class=\"vc_tta-panel-body\">\n<div class=\"wpb_text_column wpb_content_element\">\n<div class=\"wpb_wrapper\">\n<p>AA (ziarna o rozmiarze ekranu 18), AB (ziarna o rozmiarze ekranu 16) i PB (ziarna w kszta\u0142cie grochu).<\/p>\n<p>&nbsp;<\/p>\n<\/div>\n<\/div>\n<\/div>\n\n\t\t<\/div>\n\t<\/div>\n<\/div><\/div><div class=\"vc_tta-panel\" id=\"1689928163642-00ae532e-19c5\" data-vc-content=\".vc_tta-panel-body\"><div class=\"vc_tta-panel-heading\"><h4 class=\"vc_tta-panel-title vc_tta-controls-icon-position-left\"><a href=\"#1689928163642-00ae532e-19c5\" data-vc-accordion data-vc-container=\".vc_tta-container\"><span class=\"vc_tta-title-text\">Czy mog\u0119 kupi\u0107 zielone ziarna kawy bezpo\u015brednio z farmy w Kenii?<\/span><i class=\"vc_tta-controls-icon vc_tta-controls-icon-plus\"><\/i><\/a><\/h4><\/div><div class=\"vc_tta-panel-body\">\n\t<div class=\"wpb_text_column wpb_content_element\" >\n\t\t<div class=\"wpb_wrapper\">\n\t\t\t<div class=\"vc_tta-panel-body\">\n<div class=\"wpb_text_column wpb_content_element\">\n<div class=\"wpb_wrapper\">\n<p>Nie<\/p>\n<p>Kawa jest towarem regulowanym w Kenii. Tylko agenci marketingowi i <strong>licencjonowany<\/strong> sprzedawcy kawy, tacy jak <strong>Alovado<\/strong> mog\u0105 handlowa\u0107 kaw\u0105.<\/p>\n<\/div>\n<\/div>\n<\/div>\n\n\t\t<\/div>\n\t<\/div>\n<\/div><\/div><div class=\"vc_tta-panel\" id=\"1689928163701-89c03cc6-d4e5\" data-vc-content=\".vc_tta-panel-body\"><div class=\"vc_tta-panel-heading\"><h4 class=\"vc_tta-panel-title vc_tta-controls-icon-position-left\"><a href=\"#1689928163701-89c03cc6-d4e5\" data-vc-accordion data-vc-container=\".vc_tta-container\"><span class=\"vc_tta-title-text\">Jakie s\u0105 minimalne kwoty zakupu?<\/span><i class=\"vc_tta-controls-icon vc_tta-controls-icon-plus\"><\/i><\/a><\/h4><\/div><div class=\"vc_tta-panel-body\">\n\t<div class=\"wpb_text_column wpb_content_element\" >\n\t\t<div class=\"wpb_wrapper\">\n\t\t\t<p>Sprzedajemy nasze zielone ziarna kawy w pe\u0142nych kontenerach zapakowanych w 60-kilogramowe worki jutowe wykonane z naturalnych w\u0142\u00f3kien, kt\u00f3re umo\u017cliwiaj\u0105 swobodn\u0105 cyrkulacj\u0119 powietrza.<\/p>\n\n\t\t<\/div>\n\t<\/div>\n<\/div><\/div><div class=\"vc_tta-panel\" id=\"1689928163769-63b01048-924b\" data-vc-content=\".vc_tta-panel-body\"><div class=\"vc_tta-panel-heading\"><h4 class=\"vc_tta-panel-title vc_tta-controls-icon-position-left\"><a href=\"#1689928163769-63b01048-924b\" data-vc-accordion data-vc-container=\".vc_tta-container\"><span class=\"vc_tta-title-text\">Jaki jest spos\u00f3b p\u0142atno\u015bci?<\/span><i class=\"vc_tta-controls-icon vc_tta-controls-icon-plus\"><\/i><\/a><\/h4><\/div><div class=\"vc_tta-panel-body\">\n\t<div class=\"wpb_text_column wpb_content_element\" >\n\t\t<div class=\"wpb_wrapper\">\n\t\t\t<p>Preferowanym przez nas sposobem p\u0142atno\u015bci jest przelew bankowy.<\/p>\n\n\t\t<\/div>\n\t<\/div>\n<\/div><\/div><div class=\"vc_tta-panel\" id=\"1689928163843-d848bddd-2a5b\" data-vc-content=\".vc_tta-panel-body\"><div class=\"vc_tta-panel-heading\"><h4 class=\"vc_tta-panel-title vc_tta-controls-icon-position-left\"><a href=\"#1689928163843-d848bddd-2a5b\" data-vc-accordion data-vc-container=\".vc_tta-container\"><span class=\"vc_tta-title-text\">Czy Alovado obs\u0142uguje fracht?<\/span><i class=\"vc_tta-controls-icon vc_tta-controls-icon-plus\"><\/i><\/a><\/h4><\/div><div class=\"vc_tta-panel-body\">\n\t<div class=\"wpb_text_column wpb_content_element\" >\n\t\t<div class=\"wpb_wrapper\">\n\t\t\t<p>Nie w tym momencie.<\/p>\n<p>Nasi cenieni nabywcy mog\u0105 zorganizowa\u0107 w\u0142asn\u0105 wysy\u0142k\u0119, negocjowa\u0107 koszty, a nawet uzyska\u0107 dalsze wyja\u015bnienia dotycz\u0105ce frachtu od preferowanych agent\u00f3w spedycyjnych.<\/p>\n\n\t\t<\/div>\n\t<\/div>\n<\/div><\/div><div class=\"vc_tta-panel\" id=\"1689928163914-ac6359e2-5f2a\" data-vc-content=\".vc_tta-panel-body\"><div class=\"vc_tta-panel-heading\"><h4 class=\"vc_tta-panel-title vc_tta-controls-icon-position-left\"><a href=\"#1689928163914-ac6359e2-5f2a\" data-vc-accordion data-vc-container=\".vc_tta-container\"><span class=\"vc_tta-title-text\">Czy mog\u0119 transportowa\u0107 kaw\u0119 z owocami awokado i olejem?<\/span><i class=\"vc_tta-controls-icon vc_tta-controls-icon-plus\"><\/i><\/a><\/h4><\/div><div class=\"vc_tta-panel-body\">\n\t<div class=\"wpb_text_column wpb_content_element\" >\n\t\t<div class=\"wpb_wrapper\">\n\t\t\t<p>Nie<\/p>\n<p>Zielone ziarna kawy s\u0105 bardzo wra\u017cliwe i podatne na <em>adsorpcja<\/em> i <em>desorpcja<\/em>.<\/p>\n<p>Ich higroskopijna natura oznacza r\u00f3wnie\u017c, \u017ce \u0142atwo wch\u0142aniaj\u0105 wilgo\u0107 i zapachy z otoczenia.<\/p>\n\n\t\t<\/div>\n\t<\/div>\n<\/div><\/div><\/div><\/div><\/div><\/div><div class=\"es-resp\">\t<div class=\"visible-ms\" style=\"height: 60px;\"><\/div>\t<div class=\"visible-xs\" style=\"height: 60px;\"><\/div><\/div><\/div><\/div><\/div><div class=\"avocadoaccordion wpb_column vc_column_container vc_col-sm-6\"><div class=\"vc_column-inner\"><div class=\"wpb_wrapper\"><div class=\"heading  default align-left color-black subcolor-main transform-default icon-type-default   vc_custom_1687266499879 heading-tag-h3\" id=\"like_sc_header_2048000678\"><h3 class=\"header ltx-sr-id-like_sc_header_2048000678954614844 ltx-sr ltx-sr-effect-fade_in ltx-sr-el-block ltx-sr-delay-0 ltx-sr-duration-1000 ltx-sr-sequences-0\">Awokado i olej<\/h3><\/div><div class=\"vc_tta-container\" data-vc-action=\"collapseAll\"><div class=\"vc_general vc_tta vc_tta-accordion vc_tta-color-grey vc_tta-style-classic vc_tta-shape-rounded vc_tta-o-shape-group vc_tta-controls-align-default vc_tta-o-all-clickable  inneravocadoaccordion\"><div class=\"vc_tta-panels-container\"><div class=\"vc_tta-panels\"><div class=\"vc_tta-panel inneravocadoaccordionsection\" id=\"1689928099255-9d47aaf8-9f66\" data-vc-content=\".vc_tta-panel-body\"><div class=\"vc_tta-panel-heading\"><h4 class=\"vc_tta-panel-title vc_tta-controls-icon-position-left\"><a href=\"#1689928099255-9d47aaf8-9f66\" data-vc-accordion data-vc-container=\".vc_tta-container\"><span class=\"vc_tta-title-text\">Czy owoce awokado s\u0105 dojrza\u0142e do eksportu?<\/span><i class=\"vc_tta-controls-icon vc_tta-controls-icon-plus\"><\/i><\/a><\/h4><\/div><div class=\"vc_tta-panel-body\">\n\t<div class=\"wpb_text_column wpb_content_element\" >\n\t\t<div class=\"wpb_wrapper\">\n\t\t\t<div class=\"vc_tta-panel-body\">\n<div class=\"wpb_text_column wpb_content_element\">\n<div class=\"wpb_wrapper\">\n<p>Nie<\/p>\n<p>Owoce awokado na eksport s\u0105 zrywane z drzewa, gdy s\u0105 w pe\u0142ni rozwini\u0119te.<\/p>\n<p>Rozwini\u0119te owoce awokado b\u0119d\u0105 dojrzewa\u0107 prawid\u0142owo, podczas gdy owoce zebrane zbyt wcze\u015bnie (niedojrza\u0142e) b\u0119d\u0105 mia\u0142y poszarpan\u0105 sk\u00f3rk\u0119 i b\u0119d\u0105 dojrzewa\u0107 znacznie d\u0142u\u017cej, co pogorszy ich jako\u015b\u0107.<\/p>\n<\/div>\n<\/div>\n<\/div>\n\n\t\t<\/div>\n\t<\/div>\n<\/div><\/div><div class=\"vc_tta-panel inneravocadoaccordionsection\" id=\"1687266029085-e7952839-0ee5\" data-vc-content=\".vc_tta-panel-body\"><div class=\"vc_tta-panel-heading\"><h4 class=\"vc_tta-panel-title vc_tta-controls-icon-position-left\"><a href=\"#1687266029085-e7952839-0ee5\" data-vc-accordion data-vc-container=\".vc_tta-container\"><span class=\"vc_tta-title-text\">Jak pakowane s\u0105 owoce awokado na eksport?<\/span><i class=\"vc_tta-controls-icon vc_tta-controls-icon-plus\"><\/i><\/a><\/h4><\/div><div class=\"vc_tta-panel-body\">\n\t<div class=\"wpb_text_column wpb_content_element\" >\n\t\t<div class=\"wpb_wrapper\">\n\t\t\t<div class=\"vc_tta-panel-body\">\n<div class=\"wpb_text_column wpb_content_element\">\n<div class=\"wpb_wrapper\">\n<p>Owoce awokado pakujemy w pojedyncze warstwy w markowych kartonach, a nast\u0119pnie paletyzujemy i umieszczamy w 40-stopowym kontenerze ch\u0142odniczym (reefer) z dop\u0142ywem \u015bwie\u017cego powietrza lub kontrolowan\u0105 atmosfer\u0105.<\/p>\n<\/div>\n<\/div>\n<\/div>\n\n\t\t<\/div>\n\t<\/div>\n<\/div><\/div><div class=\"vc_tta-panel inneravocadoaccordionsection\" id=\"1689601896150-e762ebe7-d7f3\" data-vc-content=\".vc_tta-panel-body\"><div class=\"vc_tta-panel-heading\"><h4 class=\"vc_tta-panel-title vc_tta-controls-icon-position-left\"><a href=\"#1689601896150-e762ebe7-d7f3\" data-vc-accordion data-vc-container=\".vc_tta-container\"><span class=\"vc_tta-title-text\">Dlaczego olej z awokado zyska\u0142 wi\u0119ksz\u0105 popularno\u015b\u0107 ni\u017c oliwa z oliwek?<\/span><i class=\"vc_tta-controls-icon vc_tta-controls-icon-plus\"><\/i><\/a><\/h4><\/div><div class=\"vc_tta-panel-body\">\n\t<div class=\"wpb_text_column wpb_content_element\" >\n\t\t<div class=\"wpb_wrapper\">\n\t\t\t<p>Olej z awokado jest wszechstronny i ma wy\u017cszy punkt dymienia, wynosz\u0105cy 232\u00b0C, podczas gdy oliwa z oliwek ma punkt dymienia 190\u00b0C<\/p>\n\n\t\t<\/div>\n\t<\/div>\n<\/div><\/div><div class=\"vc_tta-panel inneravocadoaccordionsection\" id=\"1689601985154-5c2ed286-88c4\" data-vc-content=\".vc_tta-panel-body\"><div class=\"vc_tta-panel-heading\"><h4 class=\"vc_tta-panel-title vc_tta-controls-icon-position-left\"><a href=\"#1689601985154-5c2ed286-88c4\" data-vc-accordion data-vc-container=\".vc_tta-container\"><span class=\"vc_tta-title-text\">Jakimi gatunkami oleju z awokado handlujesz?<\/span><i class=\"vc_tta-controls-icon vc_tta-controls-icon-plus\"><\/i><\/a><\/h4><\/div><div class=\"vc_tta-panel-body\">\n\t<div class=\"wpb_text_column wpb_content_element\" >\n\t\t<div class=\"wpb_wrapper\">\n\t\t\t<p>Alovado handluje w 100% surowym olejem z awokado do dalszego przetwarzania przez naszych klient\u00f3w w przemy\u015ble spo\u017cywczym, nutraceutycznym i kosmetycznym.<\/p>\n\n\t\t<\/div>\n\t<\/div>\n<\/div><\/div><div class=\"vc_tta-panel inneravocadoaccordionsection\" id=\"1689602072047-39241e77-c859\" data-vc-content=\".vc_tta-panel-body\"><div class=\"vc_tta-panel-heading\"><h4 class=\"vc_tta-panel-title vc_tta-controls-icon-position-left\"><a href=\"#1689602072047-39241e77-c859\" data-vc-accordion data-vc-container=\".vc_tta-container\"><span class=\"vc_tta-title-text\">Czy do surowego oleju z awokado dodawane s\u0105 barwniki lub konserwanty?<\/span><i class=\"vc_tta-controls-icon vc_tta-controls-icon-plus\"><\/i><\/a><\/h4><\/div><div class=\"vc_tta-panel-body\">\n\t<div class=\"wpb_text_column wpb_content_element\" >\n\t\t<div class=\"wpb_wrapper\">\n\t\t\t<p>Nie<\/p>\n<p>Nasze oleje s\u0105 w 100% naturalne, t\u0142oczone bezpo\u015brednio z dojrza\u0142ych owoc\u00f3w awokado.<\/p>\n\n\t\t<\/div>\n\t<\/div>\n<\/div><\/div><div class=\"vc_tta-panel inneravocadoaccordionsection\" id=\"1689602245601-5f9c1bdd-89f0\" data-vc-content=\".vc_tta-panel-body\"><div class=\"vc_tta-panel-heading\"><h4 class=\"vc_tta-panel-title vc_tta-controls-icon-position-left\"><a href=\"#1689602245601-5f9c1bdd-89f0\" data-vc-accordion data-vc-container=\".vc_tta-container\"><span class=\"vc_tta-title-text\">Jaki jest spos\u00f3b p\u0142atno\u015bci?<\/span><i class=\"vc_tta-controls-icon vc_tta-controls-icon-plus\"><\/i><\/a><\/h4><\/div><div class=\"vc_tta-panel-body\">\n\t<div class=\"wpb_text_column wpb_content_element\" >\n\t\t<div class=\"wpb_wrapper\">\n\t\t\t<p>Preferowanym przez nas sposobem p\u0142atno\u015bci jest przelew bankowy.<\/p>\n\n\t\t<\/div>\n\t<\/div>\n<\/div><\/div><div class=\"vc_tta-panel inneravocadoaccordionsection\" id=\"1689661609041-18693369-f921\" data-vc-content=\".vc_tta-panel-body\"><div class=\"vc_tta-panel-heading\"><h4 class=\"vc_tta-panel-title vc_tta-controls-icon-position-left\"><a href=\"#1689661609041-18693369-f921\" data-vc-accordion data-vc-container=\".vc_tta-container\"><span class=\"vc_tta-title-text\">Czy Alovado obs\u0142uguje fracht?<\/span><i class=\"vc_tta-controls-icon vc_tta-controls-icon-plus\"><\/i><\/a><\/h4><\/div><div class=\"vc_tta-panel-body\">\n\t<div class=\"wpb_text_column wpb_content_element\" >\n\t\t<div class=\"wpb_wrapper\">\n\t\t\t<p>Nie w tym momencie.<\/p>\n<p>Nasi cenieni nabywcy mog\u0105 zorganizowa\u0107 w\u0142asn\u0105 wysy\u0142k\u0119, negocjowa\u0107 koszty, a nawet uzyska\u0107 dalsze wyja\u015bnienia dotycz\u0105ce frachtu od preferowanych agent\u00f3w spedycyjnych.<\/p>\n\n\t\t<\/div>\n\t<\/div>\n<\/div><\/div><\/div><\/div><\/div><\/div><\/div><\/div><\/div><\/div><div class=\"vc_row-full-width vc_clearfix\"><\/div><\/section>\n<\/div>","protected":false},"excerpt":{"rendered":"CoffeeWhat are the most popular coffee grades among coffee roasters? AA (screen size 18 flat bean), AB (screen size 16 flat bean) and PB (pea-shaped beans). &nbsp; Can I buy green coffee beans directly from the farm in Kenya? No. Coffee is a regulated commodity in Kenya. Only marketing agents and licensed coffee dealers\/traders like Alovado are allowed to trade in coffee. What are purchase minimums? We sell our green coffee beans in full container loads packed in 60 kgs hessian\/jute poly-lined bags made from natural fibre which allows free circulation of air. What is the mode of payment? Our preferred mode of payment is bank to bank transfer. Does Alovado handle freight? Not at the moment. Our valued buyers are free to arrange their own shipping, negotiate costs and even seek further freight-related clarity from their preferred shipping agents. Can I transport coffee with avocado fruit &amp; oil? No. [...]","protected":false},"author":1,"featured_media":0,"parent":0,"menu_order":0,"comment_status":"closed","ping_status":"closed","template":"page-templates\/full-width.php","meta":{"footnotes":""},"yoast_head":"<!-- This site is optimized with the Yoast SEO plugin v22.3 - https:\/\/yoast.com\/wordpress\/plugins\/seo\/ -->\n<title>Frequently Asked Questions - Alovado<\/title>\n<meta name=\"robots\" content=\"index, follow, max-snippet:-1, max-image-preview:large, max-video-preview:-1\" \/>\n<link rel=\"canonical\" href=\"https:\/\/alovado.com\/pl\/frequently-asked-questions\/\" \/>\n<meta property=\"og:locale\" content=\"pl_PL\" \/>\n<meta property=\"og:type\" content=\"article\" \/>\n<meta property=\"og:title\" content=\"Frequently Asked Questions - Alovado\" \/>\n<meta property=\"og:url\" content=\"https:\/\/alovado.com\/pl\/frequently-asked-questions\/\" \/>\n<meta property=\"og:site_name\" content=\"Alovado\" \/>\n<meta property=\"article:modified_time\" content=\"2024-06-27T13:05:08+00:00\" \/>\n<meta name=\"twitter:card\" content=\"summary_large_image\" \/>\n<meta name=\"twitter:label1\" content=\"Szacowany czas czytania\" \/>\n\t<meta name=\"twitter:data1\" content=\"3 minuty\" \/>\n<script type=\"application\/ld+json\" class=\"yoast-schema-graph\">{\"@context\":\"https:\/\/schema.org\",\"@graph\":[{\"@type\":\"WebPage\",\"@id\":\"https:\/\/alovado.com\/frequently-asked-questions\/\",\"url\":\"https:\/\/alovado.com\/frequently-asked-questions\/\",\"name\":\"Frequently Asked Questions - Alovado\",\"isPartOf\":{\"@id\":\"https:\/\/alovado.com\/#website\"},\"datePublished\":\"2023-06-20T12:13:36+00:00\",\"dateModified\":\"2024-06-27T13:05:08+00:00\",\"breadcrumb\":{\"@id\":\"https:\/\/alovado.com\/frequently-asked-questions\/#breadcrumb\"},\"inLanguage\":\"pl-PL\",\"potentialAction\":[{\"@type\":\"ReadAction\",\"target\":[\"https:\/\/alovado.com\/frequently-asked-questions\/\"]}]},{\"@type\":\"BreadcrumbList\",\"@id\":\"https:\/\/alovado.com\/frequently-asked-questions\/#breadcrumb\",\"itemListElement\":[{\"@type\":\"ListItem\",\"position\":1,\"name\":\"Home\",\"item\":\"https:\/\/alovado.com\/\"},{\"@type\":\"ListItem\",\"position\":2,\"name\":\"Frequently Asked Questions\"}]},{\"@type\":\"WebSite\",\"@id\":\"https:\/\/alovado.com\/#website\",\"url\":\"https:\/\/alovado.com\/\",\"name\":\"Alovado\",\"description\":\"Green Coffee, Avocados  and Avocado Oil\",\"potentialAction\":[{\"@type\":\"SearchAction\",\"target\":{\"@type\":\"EntryPoint\",\"urlTemplate\":\"https:\/\/alovado.com\/?s={search_term_string}\"},\"query-input\":\"required name=search_term_string\"}],\"inLanguage\":\"pl-PL\"}]}<\/script>\n<!-- \/ Yoast SEO plugin. -->","yoast_head_json":{"title":"Frequently Asked Questions - Alovado","robots":{"index":"index","follow":"follow","max-snippet":"max-snippet:-1","max-image-preview":"max-image-preview:large","max-video-preview":"max-video-preview:-1"},"canonical":"https:\/\/alovado.com\/pl\/frequently-asked-questions\/","og_locale":"pl_PL","og_type":"article","og_title":"Frequently Asked Questions - Alovado","og_url":"https:\/\/alovado.com\/pl\/frequently-asked-questions\/","og_site_name":"Alovado","article_modified_time":"2024-06-27T13:05:08+00:00","twitter_card":"summary_large_image","twitter_misc":{"Szacowany czas czytania":"3 minuty"},"schema":{"@context":"https:\/\/schema.org","@graph":[{"@type":"WebPage","@id":"https:\/\/alovado.com\/frequently-asked-questions\/","url":"https:\/\/alovado.com\/frequently-asked-questions\/","name":"Frequently Asked Questions - Alovado","isPartOf":{"@id":"https:\/\/alovado.com\/#website"},"datePublished":"2023-06-20T12:13:36+00:00","dateModified":"2024-06-27T13:05:08+00:00","breadcrumb":{"@id":"https:\/\/alovado.com\/frequently-asked-questions\/#breadcrumb"},"inLanguage":"pl-PL","potentialAction":[{"@type":"ReadAction","target":["https:\/\/alovado.com\/frequently-asked-questions\/"]}]},{"@type":"BreadcrumbList","@id":"https:\/\/alovado.com\/frequently-asked-questions\/#breadcrumb","itemListElement":[{"@type":"ListItem","position":1,"name":"Home","item":"https:\/\/alovado.com\/"},{"@type":"ListItem","position":2,"name":"Frequently Asked Questions"}]},{"@type":"WebSite","@id":"https:\/\/alovado.com\/#website","url":"https:\/\/alovado.com\/","name":"Alovado","description":"Green Coffee, Avocados  and Avocado Oil","potentialAction":[{"@type":"SearchAction","target":{"@type":"EntryPoint","urlTemplate":"https:\/\/alovado.com\/?s={search_term_string}"},"query-input":"required name=search_term_string"}],"inLanguage":"pl-PL"}]}},"_links":{"self":[{"href":"https:\/\/alovado.com\/pl\/wp-json\/wp\/v2\/pages\/10100"}],"collection":[{"href":"https:\/\/alovado.com\/pl\/wp-json\/wp\/v2\/pages"}],"about":[{"href":"https:\/\/alovado.com\/pl\/wp-json\/wp\/v2\/types\/page"}],"author":[{"embeddable":true,"href":"https:\/\/alovado.com\/pl\/wp-json\/wp\/v2\/users\/1"}],"replies":[{"embeddable":true,"href":"https:\/\/alovado.com\/pl\/wp-json\/wp\/v2\/comments?post=10100"}],"version-history":[{"count":4,"href":"https:\/\/alovado.com\/pl\/wp-json\/wp\/v2\/pages\/10100\/revisions"}],"predecessor-version":[{"id":10688,"href":"https:\/\/alovado.com\/pl\/wp-json\/wp\/v2\/pages\/10100\/revisions\/10688"}],"wp:attachment":[{"href":"https:\/\/alovado.com\/pl\/wp-json\/wp\/v2\/media?parent=10100"}],"curies":[{"name":"wp","href":"https:\/\/api.w.org\/{rel}","templated":true}]}}