{"id":10055,"date":"2023-06-20T10:05:04","date_gmt":"2023-06-20T10:05:04","guid":{"rendered":"https:\/\/alovado.com\/?page_id=10055"},"modified":"2024-07-11T03:28:36","modified_gmt":"2024-07-11T03:28:36","slug":"meet-our-foreign-markets-team","status":"publish","type":"page","link":"https:\/\/alovado.com\/pl\/meet-our-foreign-markets-team\/","title":{"rendered":"Poznaj nasz zesp\u00f3\u0142 ds. rynk\u00f3w zagranicznych"},"content":{"rendered":"<div class=\"wpb-content-wrapper\"><section data-vc-full-width=\"true\" data-vc-full-width-temp=\"true\" data-vc-full-width-init=\"false\" class=\"vc_section vc_custom_1687262441573 vc_section-has-fill\"><div class=\"vc_row wpb_row vc_row-fluid\"><div class=\"wpb_column vc_column_container vc_col-sm-12\"><div class=\"vc_column-inner\"><div class=\"wpb_wrapper\"><div class=\"es-resp\">\t<div class=\"visible-xl\" style=\"height: 15px;\"><\/div>\t<div class=\"hidden-xl hidden-md hidden-sm hidden-ms hidden-xs\" style=\"height: 15px;\"><\/div>\t<div class=\"visible-md\" style=\"height: 15px;\"><\/div>\t<div class=\"visible-sm\" style=\"height: 15px;\"><\/div>\t<div class=\"visible-ms\" style=\"height: 32px;\"><\/div>\t<div class=\"visible-xs\" style=\"height: 32px;\"><\/div><\/div><div class=\"ltx-content-width col-align-center\" id=\"like_sc_content_width_1490677946\" style=\"max-width: 1000px\"><div class=\"ltx-wrapper\"><div class=\"heading  default align-center color-black subcolor-main transform-default icon-type-default heading-tag-h3\" id=\"like_sc_header_2079911955\"><h3 class=\"header ltx-sr-id-like_sc_header_20799119551258764089 ltx-sr ltx-sr-effect-fade_in ltx-sr-el-block ltx-sr-delay-0 ltx-sr-duration-1000 ltx-sr-sequences-0\">\u00ab Jeste\u015bmy przekonani, \u017ce najcenniejszym zasobem w <span> Alovado, <\/span> jest nie gleba czy pogoda, ale sami rolnicy. Dzi\u0119ki nim mo\u017cemy si\u0119 rozwija\u0107, dywersyfikowa\u0107 i \"podawa\u0107 r\u0119k\u0119\" klientom na ca\u0142ym \u015bwiecie. \u00bb<\/h3><\/div><\/div><\/div><div class=\"es-resp\">\t<div class=\"visible-xl\" style=\"height: 20px;\"><\/div>\t<div class=\"hidden-xl hidden-md hidden-sm hidden-ms hidden-xs\" style=\"height: 20px;\"><\/div>\t<div class=\"visible-md\" style=\"height: 20px;\"><\/div>\t<div class=\"visible-sm\" style=\"height: 20px;\"><\/div>\t<div class=\"visible-ms\" style=\"height: 20px;\"><\/div>\t<div class=\"visible-xs\" style=\"height: 20px;\"><\/div><\/div><\/div><\/div><\/div><\/div><div class=\"vc_row wpb_row vc_row-fluid teamsec vc_custom_1687257792790\"><div class=\"wpb_column vc_column_container vc_col-sm-6 vc_col-lg-6 vc_col-md-6 vc_col-xs-12\"><div class=\"vc_column-inner\"><div class=\"wpb_wrapper\">\n\t<div  class=\"wpb_single_image wpb_content_element vc_align_center wpb_content_element  teamimg\">\n\t\t\n\t\t<figure class=\"wpb_wrapper vc_figure\">\n\t\t\t<div class=\"vc_single_image-wrapper   vc_box_border_grey\"><img loading=\"lazy\" decoding=\"async\" width=\"539\" height=\"428\" src=\"https:\/\/alovado.com\/wp-content\/uploads\/2023\/06\/Alovado-team-Charlene2.jpg\" class=\"vc_single_image-img attachment-full\" alt=\"\" title=\"Charlene\" srcset=\"https:\/\/alovado.com\/wp-content\/uploads\/2023\/06\/Alovado-team-Charlene2.jpg 539w, https:\/\/alovado.com\/wp-content\/uploads\/2023\/06\/Alovado-team-Charlene2-300x238.jpg 300w\" sizes=\"(max-width: 539px) 100vw, 539px\" \/><\/div>\n\t\t<\/figure>\n\t<\/div>\n<div class=\"es-resp\">\t<div class=\"visible-ms\" style=\"height: 10px;\"><\/div>\t<div class=\"visible-xs\" style=\"height: 10px;\"><\/div><\/div><\/div><\/div><\/div><div class=\"wpb_column vc_column_container vc_col-sm-6 vc_col-lg-6 vc_col-md-6 vc_col-xs-12\"><div class=\"vc_column-inner\"><div class=\"wpb_wrapper\"><div class=\"heading  heading-large default align-left color-black transform-default icon-type-hidden   vc_custom_1687262549384 heading-tag-h4\" id=\"like_sc_header_1369027866\"><h4 class=\"header ltx-sr-id-like_sc_header_1369027866867050757 ltx-sr ltx-sr-effect-fade_in ltx-sr-el-block ltx-sr-delay-0 ltx-sr-duration-1000 ltx-sr-sequences-0\">Charlene Waweru<\/h4><\/div>\n\t<div class=\"wpb_text_column wpb_content_element\" >\n\t\t<div class=\"wpb_wrapper\">\n\t\t\t<p><span class=\"line-height-2\"><strong class=\"color-main\">Specjalizacja:<\/strong> G\u0142\u00f3wny oficer ds. marketingu<br \/>\n<\/span><\/p>\n\n\t\t<\/div>\n\t<\/div>\n<div class=\"align-Left\"><ul class=\"social-icons-list   vc_custom_1719581707849 icon-weight-bold\" id=\"like_sc_header_896955133\"><li class=\"\"><span class=\"fa fa-phone\"><\/span><span class=\"head\"> ( +48) 666-678-709<\/span><\/li><\/ul><\/div><div class=\"align-Left\"><ul class=\"social-icons-list   vc_custom_1526042959142\" id=\"like_sc_header_1729010248\"><li class=\"\"><span class=\"fa fa-envelope\"><\/span><span class=\"head\">hello@alovado.com<\/span><\/li><\/ul><\/div><div class=\"btn-wrap\"><a href=\"mailto:hello@alovado.com\" class=\"btn  btn-main color-hover-default   vc_custom_1719581440205\" id=\"like_sc_button_1920418691\">Skontaktuj si\u0119 ze mn\u0105<\/a><\/div><\/div><\/div><\/div><div class=\"teamaccordion wpb_column vc_column_container vc_col-sm-12\"><div class=\"vc_column-inner\"><div class=\"wpb_wrapper\"><div class=\"es-resp\">\t<div class=\"visible-ms\" style=\"height: 10px;\"><\/div>\t<div class=\"visible-xs\" style=\"height: 10px;\"><\/div><\/div><div class=\"vc_tta-container\" data-vc-action=\"collapseAll\"><div class=\"vc_general vc_tta vc_tta-accordion vc_tta-color-grey vc_tta-style-classic vc_tta-shape-rounded vc_tta-o-shape-group vc_tta-controls-align-default vc_tta-o-all-clickable  memberaccordion vc_custom_1720087229342\"><div class=\"vc_tta-panels-container\"><div class=\"vc_tta-panels\"><div class=\"vc_tta-panel\" id=\"1715860851064-a0f73622-d35a\" data-vc-content=\".vc_tta-panel-body\"><div class=\"vc_tta-panel-heading\"><h4 class=\"vc_tta-panel-title\"><a href=\"#1715860851064-a0f73622-d35a\" data-vc-accordion data-vc-container=\".vc_tta-container\"><span class=\"vc_tta-title-text\">Informacja o Charlene<\/span><\/a><\/h4><\/div><div class=\"vc_tta-panel-body\">\n\t<div class=\"wpb_text_column wpb_content_element\" >\n\t\t<div class=\"wpb_wrapper\">\n\t\t\t<p>Charlene wnosi ponad 15-letnie do\u015bwiadczenie w rozwoju biznesu i doradztwie do swojej roli G\u0142\u00f3wnego Oficer Marketingu. Sp\u0119dzi\u0142a wiele lat w bran\u017cy bankowej, a obecnie pe\u0142ni funkcj\u0119 doradcz\u0105 i nadzorcz\u0105 w \u015bredniej wielko\u015bci instytucji finansowej w Kenii.<\/p>\n<p>W <strong>Alovado<\/strong>, wspiera rozw\u00f3j i realizacj\u0119 wizji i strategii firmy oraz zajmuje\nsi\u0119 rozwojem biznesu i zarz\u0105dzania popytem.<br \/>\nJest r\u00f3wnie\u017c zaanga\u017cowana w dwa inne agrobiznesy, z kt\u00f3rych oba s\u0105 nadal aktywne.<\/p>\n<p>Ze wzgl\u0119du na swoje zami\u0142owanie do rynk\u00f3w zagranicznych Charlene jest wieloj\u0119zyczna. Opr\u00f3cz ojczystego j\u0119zyka angielskiego i suahili, pos\u0142uguje si\u0119 j\u0119zykiem polskim w stopniu komunikatywnym<\/p>\n<p>Posiada stopie\u0144 magistra zarz\u0105dzania projektami oraz licencjat z zarz\u0105dzania biznesem.<\/p>\n\n\t\t<\/div>\n\t<\/div>\n<\/div><\/div><\/div><\/div><\/div><\/div><\/div><\/div><\/div><\/div><div class=\"vc_row wpb_row vc_row-fluid teamsec vc_custom_1687258037705\"><div class=\"wpb_column vc_column_container vc_col-sm-6 vc_col-lg-6 vc_col-md-6 vc_col-xs-12\"><div class=\"vc_column-inner\"><div class=\"wpb_wrapper\">\n\t<div  class=\"wpb_single_image wpb_content_element vc_align_center wpb_content_element  teamimg\">\n\t\t\n\t\t<figure class=\"wpb_wrapper vc_figure\">\n\t\t\t<div class=\"vc_single_image-wrapper   vc_box_border_grey\"><img loading=\"lazy\" decoding=\"async\" width=\"539\" height=\"428\" src=\"https:\/\/alovado.com\/wp-content\/uploads\/2023\/06\/jozek-.jpg\" class=\"vc_single_image-img attachment-full\" alt=\"\" title=\"J\u00f3zek\" srcset=\"https:\/\/alovado.com\/wp-content\/uploads\/2023\/06\/jozek-.jpg 539w, https:\/\/alovado.com\/wp-content\/uploads\/2023\/06\/jozek--300x238.jpg 300w\" sizes=\"(max-width: 539px) 100vw, 539px\" \/><\/div>\n\t\t<\/figure>\n\t<\/div>\n<div class=\"es-resp\">\t<div class=\"visible-ms\" style=\"height: 10px;\"><\/div>\t<div class=\"visible-xs\" style=\"height: 10px;\"><\/div><\/div><\/div><\/div><\/div><div class=\"wpb_column vc_column_container vc_col-sm-6 vc_col-lg-6 vc_col-md-6 vc_col-xs-12\"><div class=\"vc_column-inner\"><div class=\"wpb_wrapper\"><div class=\"heading  heading-large default align-left color-black transform-default icon-type-hidden   vc_custom_1687262626471 heading-tag-h4\" id=\"like_sc_header_419433558\"><h4 class=\"header ltx-sr-id-like_sc_header_4194335581291877014 ltx-sr ltx-sr-effect-fade_in ltx-sr-el-block ltx-sr-delay-0 ltx-sr-duration-1000 ltx-sr-sequences-0\">J\u00f3zek Piekarski<\/h4><\/div>\n\t<div class=\"wpb_text_column wpb_content_element\" >\n\t\t<div class=\"wpb_wrapper\">\n\t\t\t<p style=\"text-align: left;\"><span class=\"line-height-2\"><strong class=\"color-main\">Specjalizacja:<\/strong> G\u0142\u00f3wny specjalista ds. klienta i wp\u0142ywu<br \/>\n<\/span><\/p>\n\n\t\t<\/div>\n\t<\/div>\n<div class=\"align-Left\"><ul class=\"social-icons-list   vc_custom_1719581752783 icon-weight-bold\" id=\"like_sc_header_1709870998\"><li class=\"\"><span class=\"fa fa-phone\"><\/span><span class=\"head\"> ( +48) 666-678-709<\/span><\/li><\/ul><\/div><div class=\"align-Left\"><ul class=\"social-icons-list   vc_custom_1526042959142\" id=\"like_sc_header_325073041\"><li class=\"\"><span class=\"fa fa-envelope\"><\/span><span class=\"head\">hello@alovado.com<\/span><\/li><\/ul><\/div><div class=\"btn-wrap\"><a href=\"mailto:hello@alovado.com\" class=\"btn  btn-main color-hover-default   vc_custom_1719581614932\" id=\"like_sc_button_1872411886\">Skontaktuj si\u0119 ze mn\u0105<\/a><\/div><\/div><\/div><\/div><div class=\"teamaccordion wpb_column vc_column_container vc_col-sm-12\"><div class=\"vc_column-inner\"><div class=\"wpb_wrapper\"><div class=\"es-resp\">\t<div class=\"visible-ms\" style=\"height: 10px;\"><\/div>\t<div class=\"visible-xs\" style=\"height: 10px;\"><\/div><\/div><div class=\"vc_tta-container\" data-vc-action=\"collapseAll\"><div class=\"vc_general vc_tta vc_tta-accordion vc_tta-color-grey vc_tta-style-classic vc_tta-shape-rounded vc_tta-o-shape-group vc_tta-controls-align-default vc_tta-o-all-clickable  memberaccordion2 vc_custom_1720090748250\"><div class=\"vc_tta-panels-container\"><div class=\"vc_tta-panels\"><div class=\"vc_tta-panel\" id=\"1715861461254-31751f72-bb00\" data-vc-content=\".vc_tta-panel-body\"><div class=\"vc_tta-panel-heading\"><h4 class=\"vc_tta-panel-title\"><a href=\"#1715861461254-31751f72-bb00\" data-vc-accordion data-vc-container=\".vc_tta-container\"><span class=\"vc_tta-title-text\">Informacja o J\u00f3zek<\/span><\/a><\/h4><\/div><div class=\"vc_tta-panel-body\">\n\t<div class=\"wpb_text_column wpb_content_element\" >\n\t\t<div class=\"wpb_wrapper\">\n\t\t\t<p>B\u0119d\u0105c zagorza\u0142ym mi\u0142o\u015bnikiem i krytykiem kawy, J\u00f3zek bez trudu dobiera dobry aromat kawy. Uzale\u017cniony od kawy kenijskiej, a\u017c za dobrze wie, \u017ce '<em>\u017cycie jest za kr\u00f3tkie na z\u0142\u0105 kaw\u0119'<\/em> i dba o to, by zadowoli\u0107 Ci\u0119 \u015bwietn\u0105 kaw\u0105.<\/p>\n<p>W <strong>Alovado<\/strong>, pe\u0142ni tak\u017ce funkcj\u0119 dyrektora ds. klient\u00f3w i specjalisty ds. wp\u0142ywu. Jako dyrektor ds. obs\u0142ugi klienta i we wsp\u00f3\u0142pracy z zespo\u0142em marketingu J\u00f3zek jest odpowiedzialny za zapewnienie sukcesu klientom poprzez utrzymanie i lojalno\u015b\u0107. Jako Szef uderzenia, kieruje naszymi wysi\u0142kami w zakresie pomiaru pozytywnego wp\u0142ywu naszych produkt\u00f3w, przy jednoczesnym dostosowaniu si\u0119 do naszych cel\u00f3w i warto\u015bci.<\/p>\n<p>Przed do\u0142\u0105czeniem do <strong>Alovado<\/strong>, J\u00f3zek sp\u0119dzi\u0142 ponad 2 dekady w sektorze edukacji w Polsce, gdzie jego wielki wk\u0142ad nie umkn\u0105\u0142 uwadze Prezydenta RP, kt\u00f3ry w 2016 roku przyzna\u0142 mu niezwykle po\u017c\u0105dany medal.<\/p>\n<p>Posiada tytu\u0142 magistra i kilka certyfikat\u00f3w wydanych w Polsce. W\u0142ada biegle j\u0119zykiem polskim, m\u00f3wi po angielsku i nie omieszka powita\u0107 Pa\u0144stwa w Alovado w j\u0119zyku suahili; <strong><em>Karibu Alovado!<\/em><\/strong><\/p>\n\n\t\t<\/div>\n\t<\/div>\n<\/div><\/div><\/div><\/div><\/div><\/div><div class=\"es-resp\">\t<div class=\"visible-xl\" style=\"height: 64px;\"><\/div>\t<div class=\"hidden-xl hidden-md hidden-sm hidden-ms hidden-xs\" style=\"height: 0px;\"><\/div>\t<div class=\"visible-md\" style=\"height: 0px;\"><\/div>\t<div class=\"visible-sm\" style=\"height: 32px;\"><\/div>\t<div class=\"visible-ms\" style=\"height: 32px;\"><\/div>\t<div class=\"visible-xs\" style=\"height: 32px;\"><\/div><\/div><\/div><\/div><\/div><\/div><\/section><div class=\"vc_row-full-width vc_clearfix\"><\/div>\n<\/div>","protected":false},"excerpt":{"rendered":"\u00ab We are persuaded that the most valuable resource at Alovado, is not the soil or the weather, it is the farmers themselves. They enable us to develop, diversify and 'shake hands' with customers around the world. \u00bb Charlene Waweru Specialization: Chief Marketing Officer ( +48) 666-678-709hello@alovado.comContact Me About Charlene Charlene brings over 15 years of experience in Business development and consulting to her role as Chief Marketing Officer. Having spent many years in the banking industry, she currently holds an advisory and oversight role in a mid-sized financial institution in Kenya. At Alovado,\u00a0she supports in developing and executing the\u00a0company\u2019s vision, strategy and takes up business development &amp; demand management roles. She is also engaged in two other agribusinesses, both of which remain active to date. Because of her love for foreign markets, Charlene is multilingual. Besides her native English and Swahili languages, she is proficient in 'PONGLish' (a mix [...]","protected":false},"author":1,"featured_media":0,"parent":0,"menu_order":0,"comment_status":"closed","ping_status":"closed","template":"page-templates\/full-width.php","meta":{"footnotes":""},"yoast_head":"<!-- This site is optimized with the Yoast SEO plugin v22.3 - https:\/\/yoast.com\/wordpress\/plugins\/seo\/ -->\n<title>Meet our Foreign Markets Team - Alovado<\/title>\n<meta name=\"robots\" content=\"index, follow, max-snippet:-1, max-image-preview:large, max-video-preview:-1\" \/>\n<link rel=\"canonical\" href=\"https:\/\/alovado.com\/pl\/meet-our-foreign-markets-team\/\" \/>\n<meta property=\"og:locale\" content=\"pl_PL\" \/>\n<meta property=\"og:type\" content=\"article\" \/>\n<meta property=\"og:title\" content=\"Meet our Foreign Markets Team - Alovado\" \/>\n<meta property=\"og:url\" content=\"https:\/\/alovado.com\/pl\/meet-our-foreign-markets-team\/\" \/>\n<meta property=\"og:site_name\" content=\"Alovado\" \/>\n<meta property=\"article:modified_time\" content=\"2024-07-11T03:28:36+00:00\" \/>\n<meta name=\"twitter:card\" content=\"summary_large_image\" \/>\n<meta name=\"twitter:label1\" content=\"Szacowany czas czytania\" \/>\n\t<meta name=\"twitter:data1\" content=\"3 minuty\" \/>\n<script type=\"application\/ld+json\" class=\"yoast-schema-graph\">{\"@context\":\"https:\/\/schema.org\",\"@graph\":[{\"@type\":\"WebPage\",\"@id\":\"https:\/\/alovado.com\/pl\/meet-our-foreign-markets-team\/\",\"url\":\"https:\/\/alovado.com\/pl\/meet-our-foreign-markets-team\/\",\"name\":\"Meet our Foreign Markets Team - Alovado\",\"isPartOf\":{\"@id\":\"https:\/\/alovado.com\/#website\"},\"datePublished\":\"2023-06-20T10:05:04+00:00\",\"dateModified\":\"2024-07-11T03:28:36+00:00\",\"breadcrumb\":{\"@id\":\"https:\/\/alovado.com\/pl\/meet-our-foreign-markets-team\/#breadcrumb\"},\"inLanguage\":\"pl-PL\",\"potentialAction\":[{\"@type\":\"ReadAction\",\"target\":[\"https:\/\/alovado.com\/pl\/meet-our-foreign-markets-team\/\"]}]},{\"@type\":\"BreadcrumbList\",\"@id\":\"https:\/\/alovado.com\/pl\/meet-our-foreign-markets-team\/#breadcrumb\",\"itemListElement\":[{\"@type\":\"ListItem\",\"position\":1,\"name\":\"Home\",\"item\":\"https:\/\/alovado.com\/\"},{\"@type\":\"ListItem\",\"position\":2,\"name\":\"Meet our Foreign Markets Team\"}]},{\"@type\":\"WebSite\",\"@id\":\"https:\/\/alovado.com\/#website\",\"url\":\"https:\/\/alovado.com\/\",\"name\":\"Alovado\",\"description\":\"Green Coffee, Avocados  and Avocado Oil\",\"potentialAction\":[{\"@type\":\"SearchAction\",\"target\":{\"@type\":\"EntryPoint\",\"urlTemplate\":\"https:\/\/alovado.com\/?s={search_term_string}\"},\"query-input\":\"required name=search_term_string\"}],\"inLanguage\":\"pl-PL\"}]}<\/script>\n<!-- \/ Yoast SEO plugin. -->","yoast_head_json":{"title":"Meet our Foreign Markets Team - Alovado","robots":{"index":"index","follow":"follow","max-snippet":"max-snippet:-1","max-image-preview":"max-image-preview:large","max-video-preview":"max-video-preview:-1"},"canonical":"https:\/\/alovado.com\/pl\/meet-our-foreign-markets-team\/","og_locale":"pl_PL","og_type":"article","og_title":"Meet our Foreign Markets Team - Alovado","og_url":"https:\/\/alovado.com\/pl\/meet-our-foreign-markets-team\/","og_site_name":"Alovado","article_modified_time":"2024-07-11T03:28:36+00:00","twitter_card":"summary_large_image","twitter_misc":{"Szacowany czas czytania":"3 minuty"},"schema":{"@context":"https:\/\/schema.org","@graph":[{"@type":"WebPage","@id":"https:\/\/alovado.com\/pl\/meet-our-foreign-markets-team\/","url":"https:\/\/alovado.com\/pl\/meet-our-foreign-markets-team\/","name":"Meet our Foreign Markets Team - Alovado","isPartOf":{"@id":"https:\/\/alovado.com\/#website"},"datePublished":"2023-06-20T10:05:04+00:00","dateModified":"2024-07-11T03:28:36+00:00","breadcrumb":{"@id":"https:\/\/alovado.com\/pl\/meet-our-foreign-markets-team\/#breadcrumb"},"inLanguage":"pl-PL","potentialAction":[{"@type":"ReadAction","target":["https:\/\/alovado.com\/pl\/meet-our-foreign-markets-team\/"]}]},{"@type":"BreadcrumbList","@id":"https:\/\/alovado.com\/pl\/meet-our-foreign-markets-team\/#breadcrumb","itemListElement":[{"@type":"ListItem","position":1,"name":"Home","item":"https:\/\/alovado.com\/"},{"@type":"ListItem","position":2,"name":"Meet our Foreign Markets Team"}]},{"@type":"WebSite","@id":"https:\/\/alovado.com\/#website","url":"https:\/\/alovado.com\/","name":"Alovado","description":"Green Coffee, Avocados  and Avocado Oil","potentialAction":[{"@type":"SearchAction","target":{"@type":"EntryPoint","urlTemplate":"https:\/\/alovado.com\/?s={search_term_string}"},"query-input":"required name=search_term_string"}],"inLanguage":"pl-PL"}]}},"_links":{"self":[{"href":"https:\/\/alovado.com\/pl\/wp-json\/wp\/v2\/pages\/10055"}],"collection":[{"href":"https:\/\/alovado.com\/pl\/wp-json\/wp\/v2\/pages"}],"about":[{"href":"https:\/\/alovado.com\/pl\/wp-json\/wp\/v2\/types\/page"}],"author":[{"embeddable":true,"href":"https:\/\/alovado.com\/pl\/wp-json\/wp\/v2\/users\/1"}],"replies":[{"embeddable":true,"href":"https:\/\/alovado.com\/pl\/wp-json\/wp\/v2\/comments?post=10055"}],"version-history":[{"count":26,"href":"https:\/\/alovado.com\/pl\/wp-json\/wp\/v2\/pages\/10055\/revisions"}],"predecessor-version":[{"id":10945,"href":"https:\/\/alovado.com\/pl\/wp-json\/wp\/v2\/pages\/10055\/revisions\/10945"}],"wp:attachment":[{"href":"https:\/\/alovado.com\/pl\/wp-json\/wp\/v2\/media?parent=10055"}],"curies":[{"name":"wp","href":"https:\/\/api.w.org\/{rel}","templated":true}]}}